{"id":594,"date":"2026-04-28T14:36:16","date_gmt":"2026-04-28T14:36:16","guid":{"rendered":"https:\/\/suporte-hpmeducacao.com.br\/pos\/?page_id=594"},"modified":"2026-05-11T01:55:23","modified_gmt":"2026-05-11T01:55:23","slug":"franklin-peterli-e-roberta-marchezi","status":"publish","type":"page","link":"https:\/\/suporte-hpmeducacao.com.br\/pos\/franklin-peterli-e-roberta-marchezi\/","title":{"rendered":"SGI"},"content":{"rendered":"\t\t<div data-elementor-type=\"wp-page\" data-elementor-id=\"594\" class=\"elementor elementor-594\" data-elementor-post-type=\"page\">\n\t\t\t\t<div class=\"elementor-element elementor-element-24def33 e-con-full e-flex e-con e-parent\" data-id=\"24def33\" data-element_type=\"container\" data-e-type=\"container\" data-settings=\"{&quot;background_background&quot;:&quot;classic&quot;}\">\n\t\t\t\t<div class=\"elementor-element elementor-element-cd9f2c0 elementor-widget elementor-widget-image\" data-id=\"cd9f2c0\" data-element_type=\"widget\" data-e-type=\"widget\" data-widget_type=\"image.default\">\n\t\t\t\t\t\t\t\t\t\t\t\t\t\t\t<img fetchpriority=\"high\" decoding=\"async\" width=\"800\" height=\"1000\" src=\"https:\/\/suporte-hpmeducacao.com.br\/pos\/wp-content\/uploads\/2026\/04\/Prazer-somos-a-Roberta-e-o-Franklin.-1-819x1024.png\" class=\"attachment-large size-large wp-image-602\" alt=\"\" srcset=\"https:\/\/suporte-hpmeducacao.com.br\/pos\/wp-content\/uploads\/2026\/04\/Prazer-somos-a-Roberta-e-o-Franklin.-1-819x1024.png 819w, https:\/\/suporte-hpmeducacao.com.br\/pos\/wp-content\/uploads\/2026\/04\/Prazer-somos-a-Roberta-e-o-Franklin.-1-240x300.png 240w, https:\/\/suporte-hpmeducacao.com.br\/pos\/wp-content\/uploads\/2026\/04\/Prazer-somos-a-Roberta-e-o-Franklin.-1-768x960.png 768w, https:\/\/suporte-hpmeducacao.com.br\/pos\/wp-content\/uploads\/2026\/04\/Prazer-somos-a-Roberta-e-o-Franklin.-1.png 1080w\" sizes=\"(max-width: 800px) 100vw, 800px\" \/>\t\t\t\t\t\t\t\t\t\t\t\t\t\t\t<\/div>\n\t\t\t\t<div class=\"elementor-element elementor-element-876264f elementor-widget__width-initial elementor-absolute elementor-widget elementor-widget-image-box\" data-id=\"876264f\" data-element_type=\"widget\" data-e-type=\"widget\" data-settings=\"{&quot;_position&quot;:&quot;absolute&quot;}\" data-widget_type=\"image-box.default\">\n\t\t\t\t\t<div class=\"elementor-image-box-wrapper\"><div class=\"elementor-image-box-content\"><h3 class=\"elementor-image-box-title\">MBA em <span class=\"headline\"> Sistema de Gest\u00e3o Integrada<\/span><\/h3><p class=\"elementor-image-box-description\">Domine a integra\u00e7\u00e3o entre qualidade, meio ambiente e sa\u00fade e seguran\u00e7a e torne-se o profissional estrat\u00e9gico que o mercado busca.<\/p><\/div><\/div>\t\t\t\t<\/div>\n\t\t\t\t<\/div>\n\t\t<div class=\"elementor-element elementor-element-b1c6b78 e-flex e-con-boxed e-con e-parent\" data-id=\"b1c6b78\" data-element_type=\"container\" data-e-type=\"container\" data-settings=\"{&quot;background_background&quot;:&quot;classic&quot;}\">\n\t\t\t\t\t<div class=\"e-con-inner\">\n\t\t\t\t<div class=\"elementor-element elementor-element-72fbdd2 elementor-widget elementor-widget-button\" data-id=\"72fbdd2\" data-element_type=\"widget\" data-e-type=\"widget\" data-widget_type=\"button.default\">\n\t\t\t\t\t\t\t\t\t\t<a class=\"elementor-button elementor-size-sm\" role=\"button\">\n\t\t\t\t\t\t<span class=\"elementor-button-content-wrapper\">\n\t\t\t\t\t\t\t\t\t<span class=\"elementor-button-text\">Suporte de atendimento<\/span>\n\t\t\t\t\t<\/span>\n\t\t\t\t\t<\/a>\n\t\t\t\t\t\t\t\t<\/div>\n\t\t<div class=\"elementor-element elementor-element-9d174ef e-con-full e-flex e-con e-child\" data-id=\"9d174ef\" data-element_type=\"container\" data-e-type=\"container\" data-settings=\"{&quot;animation&quot;:&quot;none&quot;}\">\n\t\t<div class=\"elementor-element elementor-element-f4df5c4 e-con-full e-flex elementor-invisible e-con e-child\" data-id=\"f4df5c4\" data-element_type=\"container\" data-e-type=\"container\" data-settings=\"{&quot;background_background&quot;:&quot;gradient&quot;,&quot;animation&quot;:&quot;fadeInDown&quot;}\">\n\t\t\t\t<div class=\"elementor-element elementor-element-b1bdbcd elementor-widget elementor-widget-image\" data-id=\"b1bdbcd\" data-element_type=\"widget\" data-e-type=\"widget\" data-widget_type=\"image.default\">\n\t\t\t\t\t\t\t\t\t\t\t\t\t\t\t\t<a href=\"https:\/\/poshpmeducacao.getmembox.com\/community\/sistemadegestaointegradafranklineroberta\">\n\t\t\t\t\t\t\t<img decoding=\"async\" width=\"800\" height=\"258\" src=\"https:\/\/suporte-hpmeducacao.com.br\/pos\/wp-content\/uploads\/2026\/04\/Comunidade_Franklin-Peterli-e-Roberta-Marchezi.png\" class=\"attachment-large size-large wp-image-527\" alt=\"\" srcset=\"https:\/\/suporte-hpmeducacao.com.br\/pos\/wp-content\/uploads\/2026\/04\/Comunidade_Franklin-Peterli-e-Roberta-Marchezi.png 950w, https:\/\/suporte-hpmeducacao.com.br\/pos\/wp-content\/uploads\/2026\/04\/Comunidade_Franklin-Peterli-e-Roberta-Marchezi-300x97.png 300w, https:\/\/suporte-hpmeducacao.com.br\/pos\/wp-content\/uploads\/2026\/04\/Comunidade_Franklin-Peterli-e-Roberta-Marchezi-768x247.png 768w\" sizes=\"(max-width: 800px) 100vw, 800px\" \/>\t\t\t\t\t\t\t\t<\/a>\n\t\t\t\t\t\t\t\t\t\t\t\t\t\t\t<\/div>\n\t\t\t\t<\/div>\n\t\t<div class=\"elementor-element elementor-element-6fe0596 e-con-full e-flex elementor-invisible e-con e-child\" data-id=\"6fe0596\" data-element_type=\"container\" data-e-type=\"container\" data-settings=\"{&quot;background_background&quot;:&quot;gradient&quot;,&quot;animation&quot;:&quot;fadeInDown&quot;}\">\n\t\t\t\t<div class=\"elementor-element elementor-element-5557411 elementor-widget elementor-widget-image\" data-id=\"5557411\" data-element_type=\"widget\" data-e-type=\"widget\" data-widget_type=\"image.default\">\n\t\t\t\t\t\t\t\t\t\t\t\t\t\t\t\t<a href=\"https:\/\/wa.me\/message\/AP56QAQ5ELK4N1\">\n\t\t\t\t\t\t\t<img decoding=\"async\" width=\"800\" height=\"258\" src=\"https:\/\/suporte-hpmeducacao.com.br\/pos\/wp-content\/uploads\/2026\/04\/HPM-1.png\" class=\"attachment-large size-large wp-image-398\" alt=\"\" srcset=\"https:\/\/suporte-hpmeducacao.com.br\/pos\/wp-content\/uploads\/2026\/04\/HPM-1.png 950w, https:\/\/suporte-hpmeducacao.com.br\/pos\/wp-content\/uploads\/2026\/04\/HPM-1-300x97.png 300w, https:\/\/suporte-hpmeducacao.com.br\/pos\/wp-content\/uploads\/2026\/04\/HPM-1-768x247.png 768w\" sizes=\"(max-width: 800px) 100vw, 800px\" \/>\t\t\t\t\t\t\t\t<\/a>\n\t\t\t\t\t\t\t\t\t\t\t\t\t\t\t<\/div>\n\t\t\t\t<\/div>\n\t\t<div class=\"elementor-element elementor-element-01bae6b e-con-full e-flex elementor-invisible e-con e-child\" data-id=\"01bae6b\" data-element_type=\"container\" data-e-type=\"container\" data-settings=\"{&quot;background_background&quot;:&quot;gradient&quot;,&quot;animation&quot;:&quot;fadeInDown&quot;}\">\n\t\t\t\t<div class=\"elementor-element elementor-element-2fbb6af elementor-widget elementor-widget-image\" data-id=\"2fbb6af\" data-element_type=\"widget\" data-e-type=\"widget\" data-widget_type=\"image.default\">\n\t\t\t\t\t\t\t\t\t\t\t\t\t\t\t<img loading=\"lazy\" decoding=\"async\" width=\"800\" height=\"258\" src=\"https:\/\/suporte-hpmeducacao.com.br\/pos\/wp-content\/uploads\/2026\/04\/Tutoria_Franklin-Peterli-e-Roberta-Marchezi.png\" class=\"attachment-large size-large wp-image-544\" alt=\"\" srcset=\"https:\/\/suporte-hpmeducacao.com.br\/pos\/wp-content\/uploads\/2026\/04\/Tutoria_Franklin-Peterli-e-Roberta-Marchezi.png 950w, https:\/\/suporte-hpmeducacao.com.br\/pos\/wp-content\/uploads\/2026\/04\/Tutoria_Franklin-Peterli-e-Roberta-Marchezi-300x97.png 300w, https:\/\/suporte-hpmeducacao.com.br\/pos\/wp-content\/uploads\/2026\/04\/Tutoria_Franklin-Peterli-e-Roberta-Marchezi-768x247.png 768w\" sizes=\"(max-width: 800px) 100vw, 800px\" \/>\t\t\t\t\t\t\t\t\t\t\t\t\t\t\t<\/div>\n\t\t\t\t<\/div>\n\t\t<div class=\"elementor-element elementor-element-0d4426a e-con-full e-flex elementor-invisible e-con e-child\" data-id=\"0d4426a\" data-element_type=\"container\" data-e-type=\"container\" data-settings=\"{&quot;background_background&quot;:&quot;gradient&quot;,&quot;animation&quot;:&quot;fadeInDown&quot;}\">\n\t\t\t\t<div class=\"elementor-element elementor-element-8cd2ad6 elementor-widget elementor-widget-image\" data-id=\"8cd2ad6\" data-element_type=\"widget\" data-e-type=\"widget\" data-widget_type=\"image.default\">\n\t\t\t\t\t\t\t\t\t\t\t\t\t\t\t<img loading=\"lazy\" decoding=\"async\" width=\"800\" height=\"258\" src=\"https:\/\/suporte-hpmeducacao.com.br\/pos\/wp-content\/uploads\/2026\/04\/Cronograma-2.png\" class=\"attachment-large size-large wp-image-399\" alt=\"\" srcset=\"https:\/\/suporte-hpmeducacao.com.br\/pos\/wp-content\/uploads\/2026\/04\/Cronograma-2.png 950w, https:\/\/suporte-hpmeducacao.com.br\/pos\/wp-content\/uploads\/2026\/04\/Cronograma-2-300x97.png 300w, https:\/\/suporte-hpmeducacao.com.br\/pos\/wp-content\/uploads\/2026\/04\/Cronograma-2-768x247.png 768w\" sizes=\"(max-width: 800px) 100vw, 800px\" \/>\t\t\t\t\t\t\t\t\t\t\t\t\t\t\t<\/div>\n\t\t\t\t<\/div>\n\t\t<div class=\"elementor-element elementor-element-da7ae00 e-con-full e-flex elementor-invisible e-con e-child\" data-id=\"da7ae00\" data-element_type=\"container\" data-e-type=\"container\" data-settings=\"{&quot;background_background&quot;:&quot;gradient&quot;,&quot;animation&quot;:&quot;fadeInDown&quot;}\">\n\t\t\t\t<div class=\"elementor-element elementor-element-666a595 elementor-widget elementor-widget-image\" data-id=\"666a595\" data-element_type=\"widget\" data-e-type=\"widget\" data-widget_type=\"image.default\">\n\t\t\t\t\t\t\t\t\t\t\t\t\t\t\t\t<a href=\"https:\/\/www.instagram.com\/roberta_marchezi\/\">\n\t\t\t\t\t\t\t<img loading=\"lazy\" decoding=\"async\" width=\"800\" height=\"258\" src=\"https:\/\/suporte-hpmeducacao.com.br\/pos\/wp-content\/uploads\/2026\/04\/instagram_-e-Roberta-Marchezi.png\" class=\"attachment-large size-large wp-image-531\" alt=\"\" srcset=\"https:\/\/suporte-hpmeducacao.com.br\/pos\/wp-content\/uploads\/2026\/04\/instagram_-e-Roberta-Marchezi.png 950w, https:\/\/suporte-hpmeducacao.com.br\/pos\/wp-content\/uploads\/2026\/04\/instagram_-e-Roberta-Marchezi-300x97.png 300w, https:\/\/suporte-hpmeducacao.com.br\/pos\/wp-content\/uploads\/2026\/04\/instagram_-e-Roberta-Marchezi-768x247.png 768w\" sizes=\"(max-width: 800px) 100vw, 800px\" \/>\t\t\t\t\t\t\t\t<\/a>\n\t\t\t\t\t\t\t\t\t\t\t\t\t\t\t<\/div>\n\t\t\t\t<\/div>\n\t\t<div class=\"elementor-element elementor-element-9d304ac e-con-full e-flex elementor-invisible e-con e-child\" data-id=\"9d304ac\" data-element_type=\"container\" data-e-type=\"container\" data-settings=\"{&quot;background_background&quot;:&quot;gradient&quot;,&quot;animation&quot;:&quot;fadeInDown&quot;}\">\n\t\t\t\t<div class=\"elementor-element elementor-element-402a20c elementor-widget elementor-widget-image\" data-id=\"402a20c\" data-element_type=\"widget\" data-e-type=\"widget\" data-widget_type=\"image.default\">\n\t\t\t\t\t\t\t\t\t\t\t\t\t\t\t\t<a href=\"https:\/\/www.instagram.com\/franklinmourapeterli\/\">\n\t\t\t\t\t\t\t<img loading=\"lazy\" decoding=\"async\" width=\"800\" height=\"258\" src=\"https:\/\/suporte-hpmeducacao.com.br\/pos\/wp-content\/uploads\/2026\/04\/instagram_Franklin-Peterli.png\" class=\"attachment-large size-large wp-image-537\" alt=\"\" srcset=\"https:\/\/suporte-hpmeducacao.com.br\/pos\/wp-content\/uploads\/2026\/04\/instagram_Franklin-Peterli.png 950w, https:\/\/suporte-hpmeducacao.com.br\/pos\/wp-content\/uploads\/2026\/04\/instagram_Franklin-Peterli-300x97.png 300w, https:\/\/suporte-hpmeducacao.com.br\/pos\/wp-content\/uploads\/2026\/04\/instagram_Franklin-Peterli-768x247.png 768w\" sizes=\"(max-width: 800px) 100vw, 800px\" \/>\t\t\t\t\t\t\t\t<\/a>\n\t\t\t\t\t\t\t\t\t\t\t\t\t\t\t<\/div>\n\t\t\t\t<\/div>\n\t\t\t\t<\/div>\n\t\t\t\t\t<\/div>\n\t\t\t\t<\/div>\n\t\t<div class=\"elementor-element elementor-element-bb3ec13 e-con-full e-flex e-con e-parent\" data-id=\"bb3ec13\" data-element_type=\"container\" data-e-type=\"container\" data-settings=\"{&quot;background_background&quot;:&quot;classic&quot;}\">\n\t\t<div class=\"elementor-element elementor-element-d824718 e-con-full e-flex e-con e-child\" data-id=\"d824718\" data-element_type=\"container\" data-e-type=\"container\">\n\t\t<div class=\"elementor-element elementor-element-901a702 e-con-full e-flex e-con e-child\" data-id=\"901a702\" data-element_type=\"container\" data-e-type=\"container\">\n\t\t\t\t<div class=\"elementor-element elementor-element-e38969a elementor-widget__width-initial elementor-widget elementor-widget-image\" data-id=\"e38969a\" data-element_type=\"widget\" data-e-type=\"widget\" data-widget_type=\"image.default\">\n\t\t\t\t\t\t\t\t\t\t\t\t\t\t\t<img loading=\"lazy\" decoding=\"async\" width=\"300\" height=\"149\" src=\"https:\/\/suporte-hpmeducacao.com.br\/pos\/wp-content\/uploads\/2026\/04\/HPM-ZNTT-1-1-3-300x149.png\" class=\"attachment-medium size-medium wp-image-347\" alt=\"\" srcset=\"https:\/\/suporte-hpmeducacao.com.br\/pos\/wp-content\/uploads\/2026\/04\/HPM-ZNTT-1-1-3-300x149.png 300w, https:\/\/suporte-hpmeducacao.com.br\/pos\/wp-content\/uploads\/2026\/04\/HPM-ZNTT-1-1-3-1024x510.png 1024w, https:\/\/suporte-hpmeducacao.com.br\/pos\/wp-content\/uploads\/2026\/04\/HPM-ZNTT-1-1-3-768x383.png 768w, https:\/\/suporte-hpmeducacao.com.br\/pos\/wp-content\/uploads\/2026\/04\/HPM-ZNTT-1-1-3.png 1140w\" sizes=\"(max-width: 300px) 100vw, 300px\" \/>\t\t\t\t\t\t\t\t\t\t\t\t\t\t\t<\/div>\n\t\t\t\t<\/div>\n\t\t<div class=\"elementor-element elementor-element-74990a3 e-con-full e-flex e-con e-child\" data-id=\"74990a3\" data-element_type=\"container\" data-e-type=\"container\">\n\t\t\t\t<div class=\"elementor-element elementor-element-a3949c1 elementor-widget__width-initial elementor-widget elementor-widget-image\" data-id=\"a3949c1\" data-element_type=\"widget\" data-e-type=\"widget\" data-widget_type=\"image.default\">\n\t\t\t\t\t\t\t\t\t\t\t\t\t\t\t<img loading=\"lazy\" decoding=\"async\" width=\"300\" height=\"84\" src=\"https:\/\/suporte-hpmeducacao.com.br\/pos\/wp-content\/uploads\/2026\/04\/logo-anhanguera-contraste_0-2-300x84.png\" class=\"attachment-medium size-medium wp-image-349\" alt=\"\" srcset=\"https:\/\/suporte-hpmeducacao.com.br\/pos\/wp-content\/uploads\/2026\/04\/logo-anhanguera-contraste_0-2-300x84.png 300w, https:\/\/suporte-hpmeducacao.com.br\/pos\/wp-content\/uploads\/2026\/04\/logo-anhanguera-contraste_0-2.png 529w\" sizes=\"(max-width: 300px) 100vw, 300px\" \/>\t\t\t\t\t\t\t\t\t\t\t\t\t\t\t<\/div>\n\t\t\t\t<\/div>\n\t\t\t\t<\/div>\n\t\t\t\t<\/div>\n\t\t\t\t<\/div>\n\t\t","protected":false},"excerpt":{"rendered":"<p>MBA em Sistema de Gest\u00e3o Integrada Domine a integra\u00e7\u00e3o entre qualidade, meio ambiente e sa\u00fade e seguran\u00e7a e torne-se o profissional estrat\u00e9gico que o mercado busca. Suporte de atendimento<\/p>\n","protected":false},"author":1,"featured_media":0,"parent":0,"menu_order":0,"comment_status":"closed","ping_status":"closed","template":"elementor_canvas","meta":{"footnotes":""},"class_list":["post-594","page","type-page","status-publish","hentry"],"_links":{"self":[{"href":"https:\/\/suporte-hpmeducacao.com.br\/pos\/wp-json\/wp\/v2\/pages\/594","targetHints":{"allow":["GET"]}}],"collection":[{"href":"https:\/\/suporte-hpmeducacao.com.br\/pos\/wp-json\/wp\/v2\/pages"}],"about":[{"href":"https:\/\/suporte-hpmeducacao.com.br\/pos\/wp-json\/wp\/v2\/types\/page"}],"author":[{"embeddable":true,"href":"https:\/\/suporte-hpmeducacao.com.br\/pos\/wp-json\/wp\/v2\/users\/1"}],"replies":[{"embeddable":true,"href":"https:\/\/suporte-hpmeducacao.com.br\/pos\/wp-json\/wp\/v2\/comments?post=594"}],"version-history":[{"count":20,"href":"https:\/\/suporte-hpmeducacao.com.br\/pos\/wp-json\/wp\/v2\/pages\/594\/revisions"}],"predecessor-version":[{"id":765,"href":"https:\/\/suporte-hpmeducacao.com.br\/pos\/wp-json\/wp\/v2\/pages\/594\/revisions\/765"}],"wp:attachment":[{"href":"https:\/\/suporte-hpmeducacao.com.br\/pos\/wp-json\/wp\/v2\/media?parent=594"}],"curies":[{"name":"wp","href":"https:\/\/api.w.org\/{rel}","templated":true}]}}