{"id":573,"date":"2026-04-28T14:12:43","date_gmt":"2026-04-28T14:12:43","guid":{"rendered":"https:\/\/suporte-hpmeducacao.com.br\/pos\/?page_id=573"},"modified":"2026-05-01T23:00:15","modified_gmt":"2026-05-01T23:00:15","slug":"diego-azzolini-e-cyntia-fugi","status":"publish","type":"page","link":"https:\/\/suporte-hpmeducacao.com.br\/pos\/diego-azzolini-e-cyntia-fugi\/","title":{"rendered":"Diego Azzolini e Cyntia Fugi"},"content":{"rendered":"\t\t<div data-elementor-type=\"wp-page\" data-elementor-id=\"573\" class=\"elementor elementor-573\" data-elementor-post-type=\"page\">\n\t\t\t\t<div class=\"elementor-element elementor-element-45ada54 e-flex e-con-boxed e-con e-parent\" data-id=\"45ada54\" data-element_type=\"container\" data-e-type=\"container\" data-settings=\"{&quot;background_background&quot;:&quot;classic&quot;}\">\n\t\t\t\t\t<div class=\"e-con-inner\">\n\t\t<div class=\"elementor-element elementor-element-d1692db e-con-full e-flex e-con e-child\" data-id=\"d1692db\" data-element_type=\"container\" data-e-type=\"container\">\n\t\t\t\t<div class=\"elementor-element elementor-element-c7844a3 elementor-widget elementor-widget-image\" data-id=\"c7844a3\" data-element_type=\"widget\" data-e-type=\"widget\" data-widget_type=\"image.default\">\n\t\t\t\t\t\t\t\t\t\t\t\t\t\t\t<img fetchpriority=\"high\" decoding=\"async\" width=\"800\" height=\"800\" src=\"https:\/\/suporte-hpmeducacao.com.br\/pos\/wp-content\/uploads\/2026\/04\/ensaio_20.png\" class=\"attachment-large size-large wp-image-578\" alt=\"\" srcset=\"https:\/\/suporte-hpmeducacao.com.br\/pos\/wp-content\/uploads\/2026\/04\/ensaio_20.png 1024w, https:\/\/suporte-hpmeducacao.com.br\/pos\/wp-content\/uploads\/2026\/04\/ensaio_20-300x300.png 300w, https:\/\/suporte-hpmeducacao.com.br\/pos\/wp-content\/uploads\/2026\/04\/ensaio_20-150x150.png 150w, https:\/\/suporte-hpmeducacao.com.br\/pos\/wp-content\/uploads\/2026\/04\/ensaio_20-768x768.png 768w\" sizes=\"(max-width: 800px) 100vw, 800px\" \/>\t\t\t\t\t\t\t\t\t\t\t\t\t\t\t<\/div>\n\t\t\t\t<\/div>\n\t\t<div class=\"elementor-element elementor-element-85cf6d9 e-con-full e-flex e-con e-child\" data-id=\"85cf6d9\" data-element_type=\"container\" data-e-type=\"container\">\n\t\t<div class=\"elementor-element elementor-element-ff6fdb8 e-con-full e-flex e-con e-child\" data-id=\"ff6fdb8\" data-element_type=\"container\" data-e-type=\"container\">\n\t\t\t\t<div class=\"elementor-element elementor-element-0837713 elementor-widget__width-initial elementor-widget elementor-widget-image\" data-id=\"0837713\" data-element_type=\"widget\" data-e-type=\"widget\" data-widget_type=\"image.default\">\n\t\t\t\t\t\t\t\t\t\t\t\t\t\t\t<img decoding=\"async\" width=\"1600\" height=\"368\" src=\"https:\/\/suporte-hpmeducacao.com.br\/pos\/wp-content\/uploads\/2026\/04\/universidade-anhanguera-logo-scaled-1-1.png\" class=\"attachment-full size-full wp-image-427\" alt=\"\" srcset=\"https:\/\/suporte-hpmeducacao.com.br\/pos\/wp-content\/uploads\/2026\/04\/universidade-anhanguera-logo-scaled-1-1.png 1600w, https:\/\/suporte-hpmeducacao.com.br\/pos\/wp-content\/uploads\/2026\/04\/universidade-anhanguera-logo-scaled-1-1-300x69.png 300w, https:\/\/suporte-hpmeducacao.com.br\/pos\/wp-content\/uploads\/2026\/04\/universidade-anhanguera-logo-scaled-1-1-1024x236.png 1024w, https:\/\/suporte-hpmeducacao.com.br\/pos\/wp-content\/uploads\/2026\/04\/universidade-anhanguera-logo-scaled-1-1-768x177.png 768w, https:\/\/suporte-hpmeducacao.com.br\/pos\/wp-content\/uploads\/2026\/04\/universidade-anhanguera-logo-scaled-1-1-1536x353.png 1536w\" sizes=\"(max-width: 1600px) 100vw, 1600px\" \/>\t\t\t\t\t\t\t\t\t\t\t\t\t\t\t<\/div>\n\t\t\t\t<div class=\"elementor-element elementor-element-73a62cb elementor-widget elementor-widget-image\" data-id=\"73a62cb\" data-element_type=\"widget\" data-e-type=\"widget\" data-widget_type=\"image.default\">\n\t\t\t\t\t\t\t\t\t\t\t\t\t\t\t<img decoding=\"async\" width=\"217\" height=\"109\" src=\"https:\/\/suporte-hpmeducacao.com.br\/pos\/wp-content\/uploads\/2026\/04\/HPM-LOGO-OK.pdf.png\" class=\"attachment-large size-large wp-image-209\" alt=\"\" \/>\t\t\t\t\t\t\t\t\t\t\t\t\t\t\t<\/div>\n\t\t\t\t<\/div>\n\t\t\t\t<div class=\"elementor-element elementor-element-b5c8c01 elementor-widget elementor-widget-heading\" data-id=\"b5c8c01\" data-element_type=\"widget\" data-e-type=\"widget\" data-widget_type=\"heading.default\">\n\t\t\t\t\t<h2 class=\"elementor-heading-title elementor-size-default\">Suporte Diego Azzolini e Cyntia Fugi<\/h2>\t\t\t\t<\/div>\n\t\t\t\t<div class=\"elementor-element elementor-element-4dbe717 elementor-widget elementor-widget-text-editor\" data-id=\"4dbe717\" data-element_type=\"widget\" data-e-type=\"widget\" data-widget_type=\"text-editor.default\">\n\t\t\t\t\t\t\t\t\t<section class=\"text-token-text-primary w-full focus:outline-none [--shadow-height:45px] has-data-writing-block:pointer-events-none has-data-writing-block:-mt-(--shadow-height) has-data-writing-block:pt-(--shadow-height) [&amp;:has([data-writing-block])&gt;*]:pointer-events-auto [content-visibility:auto] supports-[content-visibility:auto]:[contain-intrinsic-size:auto_100lvh] R6Vx5W_threadScrollVars scroll-mb-[calc(var(--scroll-root-safe-area-inset-bottom,0px)+var(--thread-response-height))] scroll-mt-[calc(var(--header-height)+min(200px,max(70px,20svh)))]\" dir=\"auto\" data-turn-id=\"request-69ebaf5e-eda4-83e9-846e-68004d63fe5b-0\" data-testid=\"conversation-turn-4\" data-scroll-anchor=\"false\" data-turn=\"assistant\"><div class=\"text-base my-auto mx-auto pb-10 [--thread-content-margin:var(--thread-content-margin-xs,calc(var(--spacing)*4))] @w-sm\/main:[--thread-content-margin:var(--thread-content-margin-sm,calc(var(--spacing)*6))] @w-lg\/main:[--thread-content-margin:var(--thread-content-margin-lg,calc(var(--spacing)*16))] px-(--thread-content-margin)\"><div class=\"[--thread-content-max-width:40rem] @w-lg\/main:[--thread-content-max-width:48rem] mx-auto max-w-(--thread-content-max-width) flex-1 group\/turn-messages focus-visible:outline-hidden relative flex w-full min-w-0 flex-col agent-turn\"><div class=\"flex max-w-full flex-col gap-4 grow\"><div class=\"min-h-8 text-message relative flex w-full flex-col items-end gap-2 text-start break-words whitespace-normal outline-none keyboard-focused:focus-ring [.text-message+&amp;]:mt-1\" dir=\"auto\" tabindex=\"0\" data-message-author-role=\"assistant\" data-message-id=\"599e0ef8-7617-4161-8598-66f483fde682\" data-message-model-slug=\"gpt-5-3\" data-turn-start-message=\"true\"><div class=\"flex w-full flex-col gap-1 empty:hidden\"><div class=\"markdown prose dark:prose-invert w-full wrap-break-word dark markdown-new-styling\"><p data-start=\"0\" data-end=\"185\">Bem-vindo(a) \u00e0 Central de Suporte da P\u00f3s-Gradua\u00e7\u00e3o em Pol\u00edticas de Regulariza\u00e7\u00e3o Fundi\u00e1ria e Urbana, com <span class=\"hover:entity-accent entity-underline inline cursor-pointer align-baseline\"><span class=\"whitespace-normal\">Diego Azzolini<\/span><\/span> e <span class=\"hover:entity-accent entity-underline inline cursor-pointer align-baseline\"><span class=\"whitespace-normal\">Cyntia Fugi<\/span><\/span>.<\/p><p data-start=\"187\" data-end=\"437\">Este espa\u00e7o foi criado para facilitar a sua jornada acad\u00eamica, reunindo em um s\u00f3 lugar os acessos mais importantes do curso: comunidade oficial, calend\u00e1rio de encontros ao vivo, tutoria acad\u00eamica, suporte ao aluno e canais oficiais dos professores.<\/p><p data-start=\"439\" data-end=\"575\" data-is-last-node=\"\" data-is-only-node=\"\">Sempre que precisar, utilize esta central para ter uma experi\u00eancia mais organizada, pr\u00e1tica e completa durante toda a sua p\u00f3s-gradua\u00e7\u00e3o.<\/p><\/div><\/div><\/div><\/div><\/div><\/div><\/section>\t\t\t\t\t\t\t\t<\/div>\n\t\t\t\t<\/div>\n\t\t\t\t\t<\/div>\n\t\t\t\t<\/div>\n\t\t<div class=\"elementor-element elementor-element-9b548dd e-flex e-con-boxed e-con e-parent\" data-id=\"9b548dd\" data-element_type=\"container\" data-e-type=\"container\" data-settings=\"{&quot;background_background&quot;:&quot;classic&quot;}\">\n\t\t\t\t\t<div class=\"e-con-inner\">\n\t\t\t\t<div class=\"elementor-element elementor-element-aca6d0f elementor-align-justify elementor-mobile-align-center elementor-widget-mobile__width-auto elementor-widget__width-initial elementor-invisible elementor-widget elementor-widget-button\" data-id=\"aca6d0f\" data-element_type=\"widget\" data-e-type=\"widget\" data-settings=\"{&quot;_animation&quot;:&quot;fadeInDown&quot;,&quot;motion_fx_motion_fx_mouse&quot;:&quot;yes&quot;}\" data-widget_type=\"button.default\">\n\t\t\t\t\t\t\t\t\t\t<a class=\"elementor-button elementor-size-md elementor-animation-float\" role=\"button\">\n\t\t\t\t\t\t<span class=\"elementor-button-content-wrapper\">\n\t\t\t\t\t\t\t\t\t<span class=\"elementor-button-text\">QUERO CONHECER O CURSO<\/span>\n\t\t\t\t\t<\/span>\n\t\t\t\t\t<\/a>\n\t\t\t\t\t\t\t\t<\/div>\n\t\t<div class=\"elementor-element elementor-element-00ef89d e-con-full e-flex e-con e-child\" data-id=\"00ef89d\" data-element_type=\"container\" data-e-type=\"container\" data-settings=\"{&quot;animation&quot;:&quot;none&quot;}\">\n\t\t<div class=\"elementor-element elementor-element-ddd7f4e e-con-full e-flex elementor-invisible e-con e-child\" data-id=\"ddd7f4e\" data-element_type=\"container\" data-e-type=\"container\" data-settings=\"{&quot;background_background&quot;:&quot;gradient&quot;,&quot;animation&quot;:&quot;fadeInDown&quot;}\">\n\t\t\t\t<div class=\"elementor-element elementor-element-c9f4c7a elementor-widget elementor-widget-image\" data-id=\"c9f4c7a\" data-element_type=\"widget\" data-e-type=\"widget\" data-widget_type=\"image.default\">\n\t\t\t\t\t\t\t\t\t\t\t\t\t\t\t\t<a href=\"https:\/\/poshpmeducacao.getmembox.com\/community\/politicasderegularizacaofundiariadiegoazzoliniecyntiafugi\">\n\t\t\t\t\t\t\t<img loading=\"lazy\" decoding=\"async\" width=\"800\" height=\"258\" src=\"https:\/\/suporte-hpmeducacao.com.br\/pos\/wp-content\/uploads\/2026\/04\/Comunidade_Diego-Azzolini-e-Cyntia-Fugi.png\" class=\"attachment-large size-large wp-image-525\" alt=\"\" srcset=\"https:\/\/suporte-hpmeducacao.com.br\/pos\/wp-content\/uploads\/2026\/04\/Comunidade_Diego-Azzolini-e-Cyntia-Fugi.png 950w, https:\/\/suporte-hpmeducacao.com.br\/pos\/wp-content\/uploads\/2026\/04\/Comunidade_Diego-Azzolini-e-Cyntia-Fugi-300x97.png 300w, https:\/\/suporte-hpmeducacao.com.br\/pos\/wp-content\/uploads\/2026\/04\/Comunidade_Diego-Azzolini-e-Cyntia-Fugi-768x247.png 768w\" sizes=\"(max-width: 800px) 100vw, 800px\" \/>\t\t\t\t\t\t\t\t<\/a>\n\t\t\t\t\t\t\t\t\t\t\t\t\t\t\t<\/div>\n\t\t\t\t<\/div>\n\t\t<div class=\"elementor-element elementor-element-3c045c2 e-con-full e-flex elementor-invisible e-con e-child\" data-id=\"3c045c2\" data-element_type=\"container\" data-e-type=\"container\" data-settings=\"{&quot;background_background&quot;:&quot;gradient&quot;,&quot;animation&quot;:&quot;fadeInDown&quot;}\">\n\t\t\t\t<div class=\"elementor-element elementor-element-cc3d183 elementor-widget elementor-widget-image\" data-id=\"cc3d183\" data-element_type=\"widget\" data-e-type=\"widget\" data-widget_type=\"image.default\">\n\t\t\t\t\t\t\t\t\t\t\t\t\t\t\t\t<a href=\"https:\/\/wa.me\/message\/AP56QAQ5ELK4N1\">\n\t\t\t\t\t\t\t<img loading=\"lazy\" decoding=\"async\" width=\"800\" height=\"258\" src=\"https:\/\/suporte-hpmeducacao.com.br\/pos\/wp-content\/uploads\/2026\/04\/HPM-1.png\" class=\"attachment-large size-large wp-image-398\" alt=\"\" srcset=\"https:\/\/suporte-hpmeducacao.com.br\/pos\/wp-content\/uploads\/2026\/04\/HPM-1.png 950w, https:\/\/suporte-hpmeducacao.com.br\/pos\/wp-content\/uploads\/2026\/04\/HPM-1-300x97.png 300w, https:\/\/suporte-hpmeducacao.com.br\/pos\/wp-content\/uploads\/2026\/04\/HPM-1-768x247.png 768w\" sizes=\"(max-width: 800px) 100vw, 800px\" \/>\t\t\t\t\t\t\t\t<\/a>\n\t\t\t\t\t\t\t\t\t\t\t\t\t\t\t<\/div>\n\t\t\t\t<\/div>\n\t\t<div class=\"elementor-element elementor-element-3ac2f75 e-con-full e-flex elementor-invisible e-con e-child\" data-id=\"3ac2f75\" data-element_type=\"container\" data-e-type=\"container\" data-settings=\"{&quot;background_background&quot;:&quot;gradient&quot;,&quot;animation&quot;:&quot;fadeInDown&quot;}\">\n\t\t\t\t<div class=\"elementor-element elementor-element-45351f6 elementor-widget elementor-widget-image\" data-id=\"45351f6\" data-element_type=\"widget\" data-e-type=\"widget\" data-widget_type=\"image.default\">\n\t\t\t\t\t\t\t\t\t\t\t\t\t\t\t\t<a href=\"https:\/\/chat.whatsapp.com\/LdmPHYUYk8X8dfB3bNojnB\">\n\t\t\t\t\t\t\t<img loading=\"lazy\" decoding=\"async\" width=\"800\" height=\"258\" src=\"https:\/\/suporte-hpmeducacao.com.br\/pos\/wp-content\/uploads\/2026\/04\/Tutoria_Diego-Azzolini-e-Cyntia-Fugi.png\" class=\"attachment-large size-large wp-image-542\" alt=\"\" srcset=\"https:\/\/suporte-hpmeducacao.com.br\/pos\/wp-content\/uploads\/2026\/04\/Tutoria_Diego-Azzolini-e-Cyntia-Fugi.png 950w, https:\/\/suporte-hpmeducacao.com.br\/pos\/wp-content\/uploads\/2026\/04\/Tutoria_Diego-Azzolini-e-Cyntia-Fugi-300x97.png 300w, https:\/\/suporte-hpmeducacao.com.br\/pos\/wp-content\/uploads\/2026\/04\/Tutoria_Diego-Azzolini-e-Cyntia-Fugi-768x247.png 768w\" sizes=\"(max-width: 800px) 100vw, 800px\" \/>\t\t\t\t\t\t\t\t<\/a>\n\t\t\t\t\t\t\t\t\t\t\t\t\t\t\t<\/div>\n\t\t\t\t<\/div>\n\t\t<div class=\"elementor-element elementor-element-cc9ec58 e-con-full e-flex elementor-invisible e-con e-child\" data-id=\"cc9ec58\" data-element_type=\"container\" data-e-type=\"container\" data-settings=\"{&quot;background_background&quot;:&quot;gradient&quot;,&quot;animation&quot;:&quot;fadeInDown&quot;}\">\n\t\t\t\t<div class=\"elementor-element elementor-element-716df61 elementor-widget elementor-widget-image\" data-id=\"716df61\" data-element_type=\"widget\" data-e-type=\"widget\" data-widget_type=\"image.default\">\n\t\t\t\t\t\t\t\t\t\t\t\t\t\t\t\t<a href=\"https:\/\/suporte-hpmeducacao.com.br\/pos\/wp-content\/uploads\/2026\/05\/Calendario-Masterclasses-Diego-e-Cyntia.pdf\">\n\t\t\t\t\t\t\t<img loading=\"lazy\" decoding=\"async\" width=\"800\" height=\"258\" src=\"https:\/\/suporte-hpmeducacao.com.br\/pos\/wp-content\/uploads\/2026\/04\/Cronograma-2.png\" class=\"attachment-large size-large wp-image-399\" alt=\"\" srcset=\"https:\/\/suporte-hpmeducacao.com.br\/pos\/wp-content\/uploads\/2026\/04\/Cronograma-2.png 950w, https:\/\/suporte-hpmeducacao.com.br\/pos\/wp-content\/uploads\/2026\/04\/Cronograma-2-300x97.png 300w, https:\/\/suporte-hpmeducacao.com.br\/pos\/wp-content\/uploads\/2026\/04\/Cronograma-2-768x247.png 768w\" sizes=\"(max-width: 800px) 100vw, 800px\" \/>\t\t\t\t\t\t\t\t<\/a>\n\t\t\t\t\t\t\t\t\t\t\t\t\t\t\t<\/div>\n\t\t\t\t<\/div>\n\t\t<div class=\"elementor-element elementor-element-58a19e6 e-con-full e-flex elementor-invisible e-con e-child\" data-id=\"58a19e6\" data-element_type=\"container\" data-e-type=\"container\" data-settings=\"{&quot;background_background&quot;:&quot;gradient&quot;,&quot;animation&quot;:&quot;fadeInDown&quot;}\">\n\t\t\t\t<div class=\"elementor-element elementor-element-4b0fcab elementor-widget elementor-widget-image\" data-id=\"4b0fcab\" data-element_type=\"widget\" data-e-type=\"widget\" data-widget_type=\"image.default\">\n\t\t\t\t\t\t\t\t\t\t\t\t\t\t\t\t<a href=\"https:\/\/www.instagram.com\/cyntiafugi\/\">\n\t\t\t\t\t\t\t<img loading=\"lazy\" decoding=\"async\" width=\"800\" height=\"258\" src=\"https:\/\/suporte-hpmeducacao.com.br\/pos\/wp-content\/uploads\/2026\/04\/instagram_Cyntia-Fugi_.png\" class=\"attachment-large size-large wp-image-534\" alt=\"\" srcset=\"https:\/\/suporte-hpmeducacao.com.br\/pos\/wp-content\/uploads\/2026\/04\/instagram_Cyntia-Fugi_.png 950w, https:\/\/suporte-hpmeducacao.com.br\/pos\/wp-content\/uploads\/2026\/04\/instagram_Cyntia-Fugi_-300x97.png 300w, https:\/\/suporte-hpmeducacao.com.br\/pos\/wp-content\/uploads\/2026\/04\/instagram_Cyntia-Fugi_-768x247.png 768w\" sizes=\"(max-width: 800px) 100vw, 800px\" \/>\t\t\t\t\t\t\t\t<\/a>\n\t\t\t\t\t\t\t\t\t\t\t\t\t\t\t<\/div>\n\t\t\t\t<\/div>\n\t\t<div class=\"elementor-element elementor-element-7f59496 e-con-full e-flex elementor-invisible e-con e-child\" data-id=\"7f59496\" data-element_type=\"container\" data-e-type=\"container\" data-settings=\"{&quot;background_background&quot;:&quot;gradient&quot;,&quot;animation&quot;:&quot;fadeInDown&quot;}\">\n\t\t\t\t<div class=\"elementor-element elementor-element-ed66b4b elementor-widget elementor-widget-image\" data-id=\"ed66b4b\" data-element_type=\"widget\" data-e-type=\"widget\" data-widget_type=\"image.default\">\n\t\t\t\t\t\t\t\t\t\t\t\t\t\t\t\t<a href=\"https:\/\/www.instagram.com\/diego.azzolini\/\">\n\t\t\t\t\t\t\t<img loading=\"lazy\" decoding=\"async\" width=\"800\" height=\"258\" src=\"https:\/\/suporte-hpmeducacao.com.br\/pos\/wp-content\/uploads\/2026\/04\/instagram_Diego-Azzolini.png\" class=\"attachment-large size-large wp-image-535\" alt=\"\" srcset=\"https:\/\/suporte-hpmeducacao.com.br\/pos\/wp-content\/uploads\/2026\/04\/instagram_Diego-Azzolini.png 950w, https:\/\/suporte-hpmeducacao.com.br\/pos\/wp-content\/uploads\/2026\/04\/instagram_Diego-Azzolini-300x97.png 300w, https:\/\/suporte-hpmeducacao.com.br\/pos\/wp-content\/uploads\/2026\/04\/instagram_Diego-Azzolini-768x247.png 768w\" sizes=\"(max-width: 800px) 100vw, 800px\" \/>\t\t\t\t\t\t\t\t<\/a>\n\t\t\t\t\t\t\t\t\t\t\t\t\t\t\t<\/div>\n\t\t\t\t<\/div>\n\t\t\t\t<\/div>\n\t\t\t\t\t<\/div>\n\t\t\t\t<\/div>\n\t\t<div class=\"elementor-element elementor-element-4225bce e-con-full e-flex e-con e-parent\" data-id=\"4225bce\" data-element_type=\"container\" data-e-type=\"container\" data-settings=\"{&quot;background_background&quot;:&quot;classic&quot;}\">\n\t\t<div class=\"elementor-element elementor-element-094c747 e-con-full e-flex e-con e-child\" data-id=\"094c747\" data-element_type=\"container\" data-e-type=\"container\">\n\t\t<div class=\"elementor-element elementor-element-f9b5a56 e-con-full e-flex e-con e-child\" data-id=\"f9b5a56\" data-element_type=\"container\" data-e-type=\"container\">\n\t\t\t\t<div class=\"elementor-element elementor-element-798f90d elementor-widget__width-initial elementor-widget elementor-widget-image\" data-id=\"798f90d\" data-element_type=\"widget\" data-e-type=\"widget\" data-widget_type=\"image.default\">\n\t\t\t\t\t\t\t\t\t\t\t\t\t\t\t<img loading=\"lazy\" decoding=\"async\" width=\"300\" height=\"149\" src=\"https:\/\/suporte-hpmeducacao.com.br\/pos\/wp-content\/uploads\/2026\/04\/HPM-ZNTT-1-1-3-300x149.png\" class=\"attachment-medium size-medium wp-image-347\" alt=\"\" srcset=\"https:\/\/suporte-hpmeducacao.com.br\/pos\/wp-content\/uploads\/2026\/04\/HPM-ZNTT-1-1-3-300x149.png 300w, https:\/\/suporte-hpmeducacao.com.br\/pos\/wp-content\/uploads\/2026\/04\/HPM-ZNTT-1-1-3-1024x510.png 1024w, https:\/\/suporte-hpmeducacao.com.br\/pos\/wp-content\/uploads\/2026\/04\/HPM-ZNTT-1-1-3-768x383.png 768w, https:\/\/suporte-hpmeducacao.com.br\/pos\/wp-content\/uploads\/2026\/04\/HPM-ZNTT-1-1-3.png 1140w\" sizes=\"(max-width: 300px) 100vw, 300px\" \/>\t\t\t\t\t\t\t\t\t\t\t\t\t\t\t<\/div>\n\t\t\t\t<\/div>\n\t\t<div class=\"elementor-element elementor-element-bf5ebe9 e-con-full e-flex e-con e-child\" data-id=\"bf5ebe9\" data-element_type=\"container\" data-e-type=\"container\">\n\t\t\t\t<div class=\"elementor-element elementor-element-ef8f4b5 elementor-widget__width-initial elementor-widget elementor-widget-image\" data-id=\"ef8f4b5\" data-element_type=\"widget\" data-e-type=\"widget\" data-widget_type=\"image.default\">\n\t\t\t\t\t\t\t\t\t\t\t\t\t\t\t<img loading=\"lazy\" decoding=\"async\" width=\"300\" height=\"84\" src=\"https:\/\/suporte-hpmeducacao.com.br\/pos\/wp-content\/uploads\/2026\/04\/logo-anhanguera-contraste_0-2-300x84.png\" class=\"attachment-medium size-medium wp-image-349\" alt=\"\" srcset=\"https:\/\/suporte-hpmeducacao.com.br\/pos\/wp-content\/uploads\/2026\/04\/logo-anhanguera-contraste_0-2-300x84.png 300w, https:\/\/suporte-hpmeducacao.com.br\/pos\/wp-content\/uploads\/2026\/04\/logo-anhanguera-contraste_0-2.png 529w\" sizes=\"(max-width: 300px) 100vw, 300px\" \/>\t\t\t\t\t\t\t\t\t\t\t\t\t\t\t<\/div>\n\t\t\t\t<\/div>\n\t\t\t\t<\/div>\n\t\t\t\t<\/div>\n\t\t\t\t<\/div>\n\t\t","protected":false},"excerpt":{"rendered":"<p>Suporte Diego Azzolini e Cyntia Fugi Bem-vindo(a) \u00e0 Central de Suporte da P\u00f3s-Gradua\u00e7\u00e3o em Pol\u00edticas de Regulariza\u00e7\u00e3o Fundi\u00e1ria e Urbana, com Diego Azzolini e Cyntia Fugi. Este espa\u00e7o foi criado para facilitar a sua jornada acad\u00eamica, reunindo em um s\u00f3 lugar os acessos mais importantes do curso: comunidade oficial, calend\u00e1rio de encontros ao vivo, tutoria [&hellip;]<\/p>\n","protected":false},"author":1,"featured_media":0,"parent":0,"menu_order":0,"comment_status":"closed","ping_status":"closed","template":"elementor_canvas","meta":{"footnotes":""},"class_list":["post-573","page","type-page","status-publish","hentry"],"_links":{"self":[{"href":"https:\/\/suporte-hpmeducacao.com.br\/pos\/wp-json\/wp\/v2\/pages\/573","targetHints":{"allow":["GET"]}}],"collection":[{"href":"https:\/\/suporte-hpmeducacao.com.br\/pos\/wp-json\/wp\/v2\/pages"}],"about":[{"href":"https:\/\/suporte-hpmeducacao.com.br\/pos\/wp-json\/wp\/v2\/types\/page"}],"author":[{"embeddable":true,"href":"https:\/\/suporte-hpmeducacao.com.br\/pos\/wp-json\/wp\/v2\/users\/1"}],"replies":[{"embeddable":true,"href":"https:\/\/suporte-hpmeducacao.com.br\/pos\/wp-json\/wp\/v2\/comments?post=573"}],"version-history":[{"count":37,"href":"https:\/\/suporte-hpmeducacao.com.br\/pos\/wp-json\/wp\/v2\/pages\/573\/revisions"}],"predecessor-version":[{"id":748,"href":"https:\/\/suporte-hpmeducacao.com.br\/pos\/wp-json\/wp\/v2\/pages\/573\/revisions\/748"}],"wp:attachment":[{"href":"https:\/\/suporte-hpmeducacao.com.br\/pos\/wp-json\/wp\/v2\/media?parent=573"}],"curies":[{"name":"wp","href":"https:\/\/api.w.org\/{rel}","templated":true}]}}