{"id":416,"date":"2026-04-15T20:27:55","date_gmt":"2026-04-15T20:27:55","guid":{"rendered":"https:\/\/suporte-hpmeducacao.com.br\/pos\/?page_id=416"},"modified":"2026-05-11T02:19:14","modified_gmt":"2026-05-11T02:19:14","slug":"vanessa","status":"publish","type":"page","link":"https:\/\/suporte-hpmeducacao.com.br\/pos\/vanessa\/","title":{"rendered":"Vanessa"},"content":{"rendered":"\t\t<div data-elementor-type=\"wp-page\" data-elementor-id=\"416\" class=\"elementor elementor-416\" data-elementor-post-type=\"page\">\n\t\t\t\t<div class=\"elementor-element elementor-element-765e6ed e-con-full e-flex e-con e-parent\" data-id=\"765e6ed\" data-element_type=\"container\" data-e-type=\"container\" data-settings=\"{&quot;background_background&quot;:&quot;classic&quot;}\">\n\t\t<div class=\"elementor-element elementor-element-9684820 e-con-full e-flex e-con e-child\" data-id=\"9684820\" data-element_type=\"container\" data-e-type=\"container\">\n\t\t\t\t<div class=\"elementor-element elementor-element-12b0cc6 elementor-widget__width-initial elementor-widget elementor-widget-image\" data-id=\"12b0cc6\" data-element_type=\"widget\" data-e-type=\"widget\" data-widget_type=\"image.default\">\n\t\t\t\t\t\t\t\t\t\t\t\t\t\t\t<img fetchpriority=\"high\" decoding=\"async\" width=\"800\" height=\"184\" src=\"https:\/\/suporte-hpmeducacao.com.br\/pos\/wp-content\/uploads\/2026\/04\/universidade-anhanguera-logo-scaled-1-1-1024x236.png\" class=\"attachment-large size-large wp-image-427\" alt=\"\" srcset=\"https:\/\/suporte-hpmeducacao.com.br\/pos\/wp-content\/uploads\/2026\/04\/universidade-anhanguera-logo-scaled-1-1-1024x236.png 1024w, https:\/\/suporte-hpmeducacao.com.br\/pos\/wp-content\/uploads\/2026\/04\/universidade-anhanguera-logo-scaled-1-1-300x69.png 300w, https:\/\/suporte-hpmeducacao.com.br\/pos\/wp-content\/uploads\/2026\/04\/universidade-anhanguera-logo-scaled-1-1-768x177.png 768w, https:\/\/suporte-hpmeducacao.com.br\/pos\/wp-content\/uploads\/2026\/04\/universidade-anhanguera-logo-scaled-1-1-1536x353.png 1536w, https:\/\/suporte-hpmeducacao.com.br\/pos\/wp-content\/uploads\/2026\/04\/universidade-anhanguera-logo-scaled-1-1.png 1600w\" sizes=\"(max-width: 800px) 100vw, 800px\" \/>\t\t\t\t\t\t\t\t\t\t\t\t\t\t\t<\/div>\n\t\t\t\t<div class=\"elementor-element elementor-element-a9ea9de elementor-widget__width-initial elementor-widget elementor-widget-image\" data-id=\"a9ea9de\" data-element_type=\"widget\" data-e-type=\"widget\" data-widget_type=\"image.default\">\n\t\t\t\t\t\t\t\t\t\t\t\t\t\t\t<img decoding=\"async\" width=\"800\" height=\"800\" src=\"https:\/\/suporte-hpmeducacao.com.br\/pos\/wp-content\/uploads\/2026\/04\/SELO-MEC-8-1024x1024.png\" class=\"attachment-large size-large wp-image-428\" alt=\"\" srcset=\"https:\/\/suporte-hpmeducacao.com.br\/pos\/wp-content\/uploads\/2026\/04\/SELO-MEC-8-1024x1024.png 1024w, https:\/\/suporte-hpmeducacao.com.br\/pos\/wp-content\/uploads\/2026\/04\/SELO-MEC-8-300x300.png 300w, https:\/\/suporte-hpmeducacao.com.br\/pos\/wp-content\/uploads\/2026\/04\/SELO-MEC-8-150x150.png 150w, https:\/\/suporte-hpmeducacao.com.br\/pos\/wp-content\/uploads\/2026\/04\/SELO-MEC-8-768x768.png 768w, https:\/\/suporte-hpmeducacao.com.br\/pos\/wp-content\/uploads\/2026\/04\/SELO-MEC-8.png 1080w\" sizes=\"(max-width: 800px) 100vw, 800px\" \/>\t\t\t\t\t\t\t\t\t\t\t\t\t\t\t<\/div>\n\t\t\t\t<\/div>\n\t\t\t\t<div class=\"elementor-element elementor-element-029f46d elementor-widget__width-initial elementor-widget-mobile__width-inherit elementor-widget-tablet__width-initial elementor-widget elementor-widget-heading\" data-id=\"029f46d\" data-element_type=\"widget\" data-e-type=\"widget\" data-widget_type=\"heading.default\">\n\t\t\t\t\t<h2 class=\"elementor-heading-title elementor-size-default\">suporte\n<span class=\"destaque\"> vanessa <\/span><\/h2>\t\t\t\t<\/div>\n\t\t\t\t<div class=\"elementor-element elementor-element-a7abe56 elementor-widget__width-initial elementor-widget-mobile__width-inherit elementor-widget elementor-widget-text-editor\" data-id=\"a7abe56\" data-element_type=\"widget\" data-e-type=\"widget\" data-widget_type=\"text-editor.default\">\n\t\t\t\t\t\t\t\t\t<p data-start=\"682\" data-end=\"856\">Aprofunde sua escuta cl\u00ednica e sua pr\u00e1tica profissional com uma p\u00f3s-gradua\u00e7\u00e3o em Psican\u00e1lise alinhada aos desafios do mundo contempor\u00e2neo.<\/p>\t\t\t\t\t\t\t\t<\/div>\n\t\t\t\t<\/div>\n\t\t<div class=\"elementor-element elementor-element-12638fd e-flex e-con-boxed e-con e-parent\" data-id=\"12638fd\" data-element_type=\"container\" data-e-type=\"container\" data-settings=\"{&quot;background_background&quot;:&quot;classic&quot;}\">\n\t\t\t\t\t<div class=\"e-con-inner\">\n\t\t<div class=\"elementor-element elementor-element-d9a84fe e-con-full e-flex e-con e-child\" data-id=\"d9a84fe\" data-element_type=\"container\" data-e-type=\"container\">\n\t\t\t\t<div class=\"elementor-element elementor-element-4cf82b0 elementor-align-justify elementor-mobile-align-center elementor-widget-mobile__width-auto elementor-widget__width-initial elementor-widget elementor-widget-button\" data-id=\"4cf82b0\" data-element_type=\"widget\" data-e-type=\"widget\" data-widget_type=\"button.default\">\n\t\t\t\t\t\t\t\t\t\t<a class=\"elementor-button elementor-size-md elementor-animation-float\" role=\"button\">\n\t\t\t\t\t\t<span class=\"elementor-button-content-wrapper\">\n\t\t\t\t\t\t\t\t\t<span class=\"elementor-button-text\">QUERO CONHECER O CURSO<\/span>\n\t\t\t\t\t<\/span>\n\t\t\t\t\t<\/a>\n\t\t\t\t\t\t\t\t<\/div>\n\t\t\t\t<\/div>\n\t\t<div class=\"elementor-element elementor-element-0ff60f1 e-con-full e-flex e-con e-child\" data-id=\"0ff60f1\" data-element_type=\"container\" data-e-type=\"container\" data-settings=\"{&quot;animation&quot;:&quot;none&quot;}\">\n\t\t<div class=\"elementor-element elementor-element-74e7b05 e-con-full e-flex elementor-invisible e-con e-child\" data-id=\"74e7b05\" data-element_type=\"container\" data-e-type=\"container\" data-settings=\"{&quot;background_background&quot;:&quot;gradient&quot;,&quot;animation&quot;:&quot;fadeInDown&quot;}\">\n\t\t\t\t<div class=\"elementor-element elementor-element-6d8f61b elementor-widget elementor-widget-image\" data-id=\"6d8f61b\" data-element_type=\"widget\" data-e-type=\"widget\" data-widget_type=\"image.default\">\n\t\t\t\t\t\t\t\t\t\t\t\t\t\t\t\t<a href=\"https:\/\/axonneducacao.getmembox.com\/community\/esteticaclinicaavananthonibahia\">\n\t\t\t\t\t\t\t<img decoding=\"async\" width=\"800\" height=\"258\" src=\"https:\/\/suporte-hpmeducacao.com.br\/pos\/wp-content\/uploads\/2026\/04\/Comunidade_Vanessa.png\" class=\"attachment-large size-large wp-image-397\" alt=\"\" srcset=\"https:\/\/suporte-hpmeducacao.com.br\/pos\/wp-content\/uploads\/2026\/04\/Comunidade_Vanessa.png 950w, https:\/\/suporte-hpmeducacao.com.br\/pos\/wp-content\/uploads\/2026\/04\/Comunidade_Vanessa-300x97.png 300w, https:\/\/suporte-hpmeducacao.com.br\/pos\/wp-content\/uploads\/2026\/04\/Comunidade_Vanessa-768x247.png 768w\" sizes=\"(max-width: 800px) 100vw, 800px\" \/>\t\t\t\t\t\t\t\t<\/a>\n\t\t\t\t\t\t\t\t\t\t\t\t\t\t\t<\/div>\n\t\t\t\t<\/div>\n\t\t<div class=\"elementor-element elementor-element-eea763e e-con-full e-flex elementor-invisible e-con e-child\" data-id=\"eea763e\" data-element_type=\"container\" data-e-type=\"container\" data-settings=\"{&quot;background_background&quot;:&quot;gradient&quot;,&quot;animation&quot;:&quot;fadeInDown&quot;}\">\n\t\t\t\t<div class=\"elementor-element elementor-element-2d97245 elementor-widget elementor-widget-image\" data-id=\"2d97245\" data-element_type=\"widget\" data-e-type=\"widget\" data-widget_type=\"image.default\">\n\t\t\t\t\t\t\t\t\t\t\t\t\t\t\t\t<a href=\"https:\/\/wa.me\/message\/AP56QAQ5ELK4N1\">\n\t\t\t\t\t\t\t<img loading=\"lazy\" decoding=\"async\" width=\"800\" height=\"258\" src=\"https:\/\/suporte-hpmeducacao.com.br\/pos\/wp-content\/uploads\/2026\/04\/HPM-1.png\" class=\"attachment-large size-large wp-image-398\" alt=\"\" srcset=\"https:\/\/suporte-hpmeducacao.com.br\/pos\/wp-content\/uploads\/2026\/04\/HPM-1.png 950w, https:\/\/suporte-hpmeducacao.com.br\/pos\/wp-content\/uploads\/2026\/04\/HPM-1-300x97.png 300w, https:\/\/suporte-hpmeducacao.com.br\/pos\/wp-content\/uploads\/2026\/04\/HPM-1-768x247.png 768w\" sizes=\"(max-width: 800px) 100vw, 800px\" \/>\t\t\t\t\t\t\t\t<\/a>\n\t\t\t\t\t\t\t\t\t\t\t\t\t\t\t<\/div>\n\t\t\t\t<\/div>\n\t\t<div class=\"elementor-element elementor-element-5c58b9b e-con-full e-flex elementor-invisible e-con e-child\" data-id=\"5c58b9b\" data-element_type=\"container\" data-e-type=\"container\" data-settings=\"{&quot;background_background&quot;:&quot;gradient&quot;,&quot;animation&quot;:&quot;fadeInDown&quot;}\">\n\t\t\t\t<div class=\"elementor-element elementor-element-eeeef77 elementor-widget elementor-widget-image\" data-id=\"eeeef77\" data-element_type=\"widget\" data-e-type=\"widget\" data-widget_type=\"image.default\">\n\t\t\t\t\t\t\t\t\t\t\t\t\t\t\t\t<a href=\"https:\/\/chat.whatsapp.com\/IkWsEBaGHl2792qdBuPWmL\">\n\t\t\t\t\t\t\t<img loading=\"lazy\" decoding=\"async\" width=\"800\" height=\"258\" src=\"https:\/\/suporte-hpmeducacao.com.br\/pos\/wp-content\/uploads\/2026\/04\/Tutoria_Vanessa.png\" class=\"attachment-large size-large wp-image-391\" alt=\"\" srcset=\"https:\/\/suporte-hpmeducacao.com.br\/pos\/wp-content\/uploads\/2026\/04\/Tutoria_Vanessa.png 950w, https:\/\/suporte-hpmeducacao.com.br\/pos\/wp-content\/uploads\/2026\/04\/Tutoria_Vanessa-300x97.png 300w, https:\/\/suporte-hpmeducacao.com.br\/pos\/wp-content\/uploads\/2026\/04\/Tutoria_Vanessa-768x247.png 768w\" sizes=\"(max-width: 800px) 100vw, 800px\" \/>\t\t\t\t\t\t\t\t<\/a>\n\t\t\t\t\t\t\t\t\t\t\t\t\t\t\t<\/div>\n\t\t\t\t<\/div>\n\t\t<div class=\"elementor-element elementor-element-4b3ddd8 e-con-full e-flex elementor-invisible e-con e-child\" data-id=\"4b3ddd8\" data-element_type=\"container\" data-e-type=\"container\" data-settings=\"{&quot;background_background&quot;:&quot;gradient&quot;,&quot;animation&quot;:&quot;fadeInDown&quot;}\">\n\t\t\t\t<div class=\"elementor-element elementor-element-df5cb90 elementor-widget elementor-widget-image\" data-id=\"df5cb90\" data-element_type=\"widget\" data-e-type=\"widget\" data-widget_type=\"image.default\">\n\t\t\t\t\t\t\t\t\t\t\t\t\t\t\t<img loading=\"lazy\" decoding=\"async\" width=\"800\" height=\"258\" src=\"https:\/\/suporte-hpmeducacao.com.br\/pos\/wp-content\/uploads\/2026\/04\/Cronograma-2.png\" class=\"attachment-large size-large wp-image-399\" alt=\"\" srcset=\"https:\/\/suporte-hpmeducacao.com.br\/pos\/wp-content\/uploads\/2026\/04\/Cronograma-2.png 950w, https:\/\/suporte-hpmeducacao.com.br\/pos\/wp-content\/uploads\/2026\/04\/Cronograma-2-300x97.png 300w, https:\/\/suporte-hpmeducacao.com.br\/pos\/wp-content\/uploads\/2026\/04\/Cronograma-2-768x247.png 768w\" sizes=\"(max-width: 800px) 100vw, 800px\" \/>\t\t\t\t\t\t\t\t\t\t\t\t\t\t\t<\/div>\n\t\t\t\t<\/div>\n\t\t<div class=\"elementor-element elementor-element-2ae326c e-con-full e-flex elementor-invisible e-con e-child\" data-id=\"2ae326c\" data-element_type=\"container\" data-e-type=\"container\" data-settings=\"{&quot;background_background&quot;:&quot;gradient&quot;,&quot;animation&quot;:&quot;fadeInDown&quot;}\">\n\t\t\t\t<div class=\"elementor-element elementor-element-dabdb2d elementor-widget elementor-widget-image\" data-id=\"dabdb2d\" data-element_type=\"widget\" data-e-type=\"widget\" data-widget_type=\"image.default\">\n\t\t\t\t\t\t\t\t\t\t\t\t\t\t\t\t<a href=\"https:\/\/www.instagram.com\/vanessasandersoficial\/\">\n\t\t\t\t\t\t\t<img loading=\"lazy\" decoding=\"async\" width=\"800\" height=\"258\" src=\"https:\/\/suporte-hpmeducacao.com.br\/pos\/wp-content\/uploads\/2026\/04\/instagram_Vanessa.png\" class=\"attachment-large size-large wp-image-387\" alt=\"\" srcset=\"https:\/\/suporte-hpmeducacao.com.br\/pos\/wp-content\/uploads\/2026\/04\/instagram_Vanessa.png 950w, https:\/\/suporte-hpmeducacao.com.br\/pos\/wp-content\/uploads\/2026\/04\/instagram_Vanessa-300x97.png 300w, https:\/\/suporte-hpmeducacao.com.br\/pos\/wp-content\/uploads\/2026\/04\/instagram_Vanessa-768x247.png 768w\" sizes=\"(max-width: 800px) 100vw, 800px\" \/>\t\t\t\t\t\t\t\t<\/a>\n\t\t\t\t\t\t\t\t\t\t\t\t\t\t\t<\/div>\n\t\t\t\t<\/div>\n\t\t\t\t<\/div>\n\t\t\t\t\t<\/div>\n\t\t\t\t<\/div>\n\t\t<div class=\"elementor-element elementor-element-556bd72 e-flex e-con-boxed e-con e-parent\" data-id=\"556bd72\" data-element_type=\"container\" data-e-type=\"container\" data-settings=\"{&quot;background_background&quot;:&quot;classic&quot;}\">\n\t\t\t\t\t<div class=\"e-con-inner\">\n\t\t<div class=\"elementor-element elementor-element-92bb604 e-con-full e-flex e-con e-child\" data-id=\"92bb604\" data-element_type=\"container\" data-e-type=\"container\">\n\t\t<div class=\"elementor-element elementor-element-c3d438c e-con-full e-flex e-con e-child\" data-id=\"c3d438c\" data-element_type=\"container\" data-e-type=\"container\">\n\t\t\t\t<div class=\"elementor-element elementor-element-192dc5c elementor-widget elementor-widget-image\" data-id=\"192dc5c\" data-element_type=\"widget\" data-e-type=\"widget\" data-widget_type=\"image.default\">\n\t\t\t\t\t\t\t\t\t\t\t\t\t\t\t<img loading=\"lazy\" decoding=\"async\" width=\"800\" height=\"398\" src=\"https:\/\/suporte-hpmeducacao.com.br\/pos\/wp-content\/uploads\/2026\/04\/HPM-ZNTT-1-1-1024x510.png\" class=\"attachment-large size-large wp-image-131\" alt=\"\" srcset=\"https:\/\/suporte-hpmeducacao.com.br\/pos\/wp-content\/uploads\/2026\/04\/HPM-ZNTT-1-1-1024x510.png 1024w, https:\/\/suporte-hpmeducacao.com.br\/pos\/wp-content\/uploads\/2026\/04\/HPM-ZNTT-1-1-300x149.png 300w, https:\/\/suporte-hpmeducacao.com.br\/pos\/wp-content\/uploads\/2026\/04\/HPM-ZNTT-1-1-768x383.png 768w, https:\/\/suporte-hpmeducacao.com.br\/pos\/wp-content\/uploads\/2026\/04\/HPM-ZNTT-1-1.png 1140w\" sizes=\"(max-width: 800px) 100vw, 800px\" \/>\t\t\t\t\t\t\t\t\t\t\t\t\t\t\t<\/div>\n\t\t\t\t<\/div>\n\t\t\t\t<div class=\"elementor-element elementor-element-b3215cb elementor-widget__width-initial elementor-widget elementor-widget-image\" data-id=\"b3215cb\" data-element_type=\"widget\" data-e-type=\"widget\" data-widget_type=\"image.default\">\n\t\t\t\t\t\t\t\t\t\t\t\t\t\t\t<img loading=\"lazy\" decoding=\"async\" width=\"529\" height=\"149\" src=\"https:\/\/suporte-hpmeducacao.com.br\/pos\/wp-content\/uploads\/2026\/04\/logo-anhanguera-contraste_0-1.png\" class=\"attachment-large size-large wp-image-129\" alt=\"\" srcset=\"https:\/\/suporte-hpmeducacao.com.br\/pos\/wp-content\/uploads\/2026\/04\/logo-anhanguera-contraste_0-1.png 529w, https:\/\/suporte-hpmeducacao.com.br\/pos\/wp-content\/uploads\/2026\/04\/logo-anhanguera-contraste_0-1-300x84.png 300w\" sizes=\"(max-width: 529px) 100vw, 529px\" \/>\t\t\t\t\t\t\t\t\t\t\t\t\t\t\t<\/div>\n\t\t\t\t<div class=\"elementor-element elementor-element-b73131b elementor-widget__width-initial elementor-widget elementor-widget-image\" data-id=\"b73131b\" data-element_type=\"widget\" data-e-type=\"widget\" data-widget_type=\"image.default\">\n\t\t\t\t\t\t\t\t\t\t\t\t\t\t\t<img loading=\"lazy\" decoding=\"async\" width=\"800\" height=\"800\" src=\"https:\/\/suporte-hpmeducacao.com.br\/pos\/wp-content\/uploads\/2026\/04\/SELO-MEC-1-1024x1024.png\" class=\"attachment-large size-large wp-image-130\" alt=\"\" srcset=\"https:\/\/suporte-hpmeducacao.com.br\/pos\/wp-content\/uploads\/2026\/04\/SELO-MEC-1-1024x1024.png 1024w, https:\/\/suporte-hpmeducacao.com.br\/pos\/wp-content\/uploads\/2026\/04\/SELO-MEC-1-300x300.png 300w, https:\/\/suporte-hpmeducacao.com.br\/pos\/wp-content\/uploads\/2026\/04\/SELO-MEC-1-150x150.png 150w, https:\/\/suporte-hpmeducacao.com.br\/pos\/wp-content\/uploads\/2026\/04\/SELO-MEC-1-768x768.png 768w, https:\/\/suporte-hpmeducacao.com.br\/pos\/wp-content\/uploads\/2026\/04\/SELO-MEC-1.png 1080w\" sizes=\"(max-width: 800px) 100vw, 800px\" \/>\t\t\t\t\t\t\t\t\t\t\t\t\t\t\t<\/div>\n\t\t\t\t<\/div>\n\t\t\t\t<div class=\"elementor-element elementor-element-16c4379 elementor-widget elementor-widget-text-editor\" data-id=\"16c4379\" data-element_type=\"widget\" data-e-type=\"widget\" data-widget_type=\"text-editor.default\">\n\t\t\t\t\t\t\t\t\t<p>Todos os direitos reservados.<\/p>\t\t\t\t\t\t\t\t<\/div>\n\t\t\t\t<div class=\"elementor-element elementor-element-90fc696 elementor-widget elementor-widget-html\" data-id=\"90fc696\" data-element_type=\"widget\" data-e-type=\"widget\" data-widget_type=\"html.default\">\n\t\t\t\t\t<style>\n\n    .degrade {\nbackground-image: linear-gradient(to right, #ffebc9, #eaaf5f) !important;\nbackground-clip: text;\n-webkit-background-clip: text !important;\n-webkit-text-fill-color: transparent !important;\nbox-decoration-break: clone !important;\n-webkit-box-decoration-break: clone !important;\n}\n\nhtml, body {\nmax-width: 100%;\noverflow-x: hidden;\ntext-wrap: balance;\n}\n\np:last-child{\nmargin-bottom:0px;\n}\n\nbody::-webkit-scrollbar {\nwidth: 10px;\n}\n\nbody::-webkit-scrollbar-track {\nbackground: #202020;\n}\n\nbody::-webkit-scrollbar-thumb {\nbackground-color: #ffebc9;\n\nborder-radius: 10px;\n\nborder: 2px solid #202020;\n\n}\n<\/style>\t\t\t\t<\/div>\n\t\t\t\t\t<\/div>\n\t\t\t\t<\/div>\n\t\t\t\t<\/div>\n\t\t","protected":false},"excerpt":{"rendered":"<p>suporte vanessa Aprofunde sua escuta cl\u00ednica e sua pr\u00e1tica profissional com uma p\u00f3s-gradua\u00e7\u00e3o em Psican\u00e1lise alinhada aos desafios do mundo contempor\u00e2neo. QUERO CONHECER O CURSO Todos os direitos reservados.<\/p>\n","protected":false},"author":1,"featured_media":0,"parent":0,"menu_order":0,"comment_status":"closed","ping_status":"closed","template":"elementor_canvas","meta":{"footnotes":""},"class_list":["post-416","page","type-page","status-publish","hentry"],"_links":{"self":[{"href":"https:\/\/suporte-hpmeducacao.com.br\/pos\/wp-json\/wp\/v2\/pages\/416","targetHints":{"allow":["GET"]}}],"collection":[{"href":"https:\/\/suporte-hpmeducacao.com.br\/pos\/wp-json\/wp\/v2\/pages"}],"about":[{"href":"https:\/\/suporte-hpmeducacao.com.br\/pos\/wp-json\/wp\/v2\/types\/page"}],"author":[{"embeddable":true,"href":"https:\/\/suporte-hpmeducacao.com.br\/pos\/wp-json\/wp\/v2\/users\/1"}],"replies":[{"embeddable":true,"href":"https:\/\/suporte-hpmeducacao.com.br\/pos\/wp-json\/wp\/v2\/comments?post=416"}],"version-history":[{"count":13,"href":"https:\/\/suporte-hpmeducacao.com.br\/pos\/wp-json\/wp\/v2\/pages\/416\/revisions"}],"predecessor-version":[{"id":778,"href":"https:\/\/suporte-hpmeducacao.com.br\/pos\/wp-json\/wp\/v2\/pages\/416\/revisions\/778"}],"wp:attachment":[{"href":"https:\/\/suporte-hpmeducacao.com.br\/pos\/wp-json\/wp\/v2\/media?parent=416"}],"curies":[{"name":"wp","href":"https:\/\/api.w.org\/{rel}","templated":true}]}}