{"id":375,"date":"2026-04-15T17:41:14","date_gmt":"2026-04-15T17:41:14","guid":{"rendered":"https:\/\/suporte-hpmeducacao.com.br\/pos\/?page_id=375"},"modified":"2026-05-11T01:59:23","modified_gmt":"2026-05-11T01:59:23","slug":"liamara","status":"publish","type":"page","link":"https:\/\/suporte-hpmeducacao.com.br\/pos\/liamara\/","title":{"rendered":"Liamara"},"content":{"rendered":"\t\t<div data-elementor-type=\"wp-page\" data-elementor-id=\"375\" class=\"elementor elementor-375\" data-elementor-post-type=\"page\">\n\t\t\t\t<div class=\"elementor-element elementor-element-a2ad79f e-grid e-con-boxed e-con e-parent\" data-id=\"a2ad79f\" data-element_type=\"container\" data-e-type=\"container\" data-settings=\"{&quot;background_background&quot;:&quot;classic&quot;}\">\n\t\t\t\t\t<div class=\"e-con-inner\">\n\t\t<div class=\"elementor-element elementor-element-073d36c e-con-full e-flex e-con e-child\" data-id=\"073d36c\" data-element_type=\"container\" data-e-type=\"container\">\n\t\t<div class=\"elementor-element elementor-element-57b0121 e-con-full e-flex e-con e-child\" data-id=\"57b0121\" data-element_type=\"container\" data-e-type=\"container\">\n\t\t\t\t<div class=\"elementor-element elementor-element-5776461 elementor-widget__width-initial elementor-widget elementor-widget-heading\" data-id=\"5776461\" data-element_type=\"widget\" data-e-type=\"widget\" data-widget_type=\"heading.default\">\n\t\t\t\t\t<h2 class=\"elementor-heading-title elementor-size-default\">Suporte Liamara<\/h2>\t\t\t\t<\/div>\n\t\t\t\t<div class=\"elementor-element elementor-element-6518a8d elementor-widget__width-initial elementor-widget-mobile__width-inherit elementor-widget elementor-widget-text-editor\" data-id=\"6518a8d\" data-element_type=\"widget\" data-e-type=\"widget\" data-widget_type=\"text-editor.default\">\n\t\t\t\t\t\t\t\t\t<p>Nutri\u00e7\u00e3o Funcional com \u00canfase em Autismo e TDAH para profissionais que precisam tomar decis\u00f5es cl\u00ednicas mais seguras e assertivas.<\/p>\t\t\t\t\t\t\t\t<\/div>\n\t\t\t\t<\/div>\n\t\t<div class=\"elementor-element elementor-element-b0cfacc e-con-full e-flex e-con e-child\" data-id=\"b0cfacc\" data-element_type=\"container\" data-e-type=\"container\">\n\t\t\t\t<div class=\"elementor-element elementor-element-17e5024 elementor-widget__width-initial elementor-widget elementor-widget-image\" data-id=\"17e5024\" data-element_type=\"widget\" data-e-type=\"widget\" data-widget_type=\"image.default\">\n\t\t\t\t\t\t\t\t\t\t\t\t\t\t\t<img fetchpriority=\"high\" decoding=\"async\" width=\"529\" height=\"149\" src=\"https:\/\/suporte-hpmeducacao.com.br\/pos\/wp-content\/uploads\/2026\/04\/logo-anhanguera-contraste_0-3.png\" class=\"attachment-large size-large wp-image-376\" alt=\"\" srcset=\"https:\/\/suporte-hpmeducacao.com.br\/pos\/wp-content\/uploads\/2026\/04\/logo-anhanguera-contraste_0-3.png 529w, https:\/\/suporte-hpmeducacao.com.br\/pos\/wp-content\/uploads\/2026\/04\/logo-anhanguera-contraste_0-3-300x84.png 300w\" sizes=\"(max-width: 529px) 100vw, 529px\" \/>\t\t\t\t\t\t\t\t\t\t\t\t\t\t\t<\/div>\n\t\t\t\t<div class=\"elementor-element elementor-element-6213f7a elementor-widget__width-initial elementor-widget elementor-widget-image\" data-id=\"6213f7a\" data-element_type=\"widget\" data-e-type=\"widget\" data-widget_type=\"image.default\">\n\t\t\t\t\t\t\t\t\t\t\t\t\t\t\t<img decoding=\"async\" width=\"130\" height=\"166\" src=\"https:\/\/suporte-hpmeducacao.com.br\/pos\/wp-content\/uploads\/2026\/04\/logo.png\" class=\"attachment-large size-large wp-image-377\" alt=\"\" \/>\t\t\t\t\t\t\t\t\t\t\t\t\t\t\t<\/div>\n\t\t\t\t<\/div>\n\t\t\t\t<\/div>\n\t\t<div class=\"elementor-element elementor-element-a34600d e-con-full e-flex e-con e-child\" data-id=\"a34600d\" data-element_type=\"container\" data-e-type=\"container\">\n\t\t\t\t<div class=\"elementor-element elementor-element-2fd8f42 elementor-widget elementor-widget-image\" data-id=\"2fd8f42\" data-element_type=\"widget\" data-e-type=\"widget\" data-widget_type=\"image.default\">\n\t\t\t\t\t\t\t\t\t\t\t\t\t\t\t<img decoding=\"async\" width=\"789\" height=\"957\" src=\"https:\/\/suporte-hpmeducacao.com.br\/pos\/wp-content\/uploads\/2026\/04\/Slide-Mestre-LIAMARA.png\" class=\"attachment-large size-large wp-image-378\" alt=\"\" srcset=\"https:\/\/suporte-hpmeducacao.com.br\/pos\/wp-content\/uploads\/2026\/04\/Slide-Mestre-LIAMARA.png 789w, https:\/\/suporte-hpmeducacao.com.br\/pos\/wp-content\/uploads\/2026\/04\/Slide-Mestre-LIAMARA-247x300.png 247w, https:\/\/suporte-hpmeducacao.com.br\/pos\/wp-content\/uploads\/2026\/04\/Slide-Mestre-LIAMARA-768x932.png 768w\" sizes=\"(max-width: 789px) 100vw, 789px\" \/>\t\t\t\t\t\t\t\t\t\t\t\t\t\t\t<\/div>\n\t\t\t\t<\/div>\n\t\t\t\t\t<\/div>\n\t\t\t\t<\/div>\n\t\t<div class=\"elementor-element elementor-element-d12614c e-flex e-con-boxed e-con e-parent\" data-id=\"d12614c\" data-element_type=\"container\" data-e-type=\"container\" data-settings=\"{&quot;background_background&quot;:&quot;classic&quot;}\">\n\t\t\t\t\t<div class=\"e-con-inner\">\n\t\t<div class=\"elementor-element elementor-element-6034d2b e-con-full e-flex e-con e-child\" data-id=\"6034d2b\" data-element_type=\"container\" data-e-type=\"container\">\n\t\t\t\t<div class=\"elementor-element elementor-element-b940385 elementor-widget__width-initial elementor-widget elementor-widget-button\" data-id=\"b940385\" data-element_type=\"widget\" data-e-type=\"widget\" data-settings=\"{&quot;motion_fx_motion_fx_mouse&quot;:&quot;yes&quot;}\" data-widget_type=\"button.default\">\n\t\t\t\t\t\t\t\t\t\t<a class=\"elementor-button elementor-button-link elementor-size-sm elementor-animation-float\" href=\"https:\/\/wa.me\/5511962516822?text=Ol%C3%A1%20quero%20saber%20mais%20sobre%20a%20P%C3%B3s%20em%20Nutri%C3%A7%C3%A3o%20Funcional%20e%20Medicina%20Integrativa%21\">\n\t\t\t\t\t\t<span class=\"elementor-button-content-wrapper\">\n\t\t\t\t\t\t\t\t\t<span class=\"elementor-button-text\">Quero saber se essa p\u00f3s \u00e9 pra mim<\/span>\n\t\t\t\t\t<\/span>\n\t\t\t\t\t<\/a>\n\t\t\t\t\t\t\t\t<\/div>\n\t\t\t\t<\/div>\n\t\t<div class=\"elementor-element elementor-element-c325f7e e-con-full e-flex e-con e-child\" data-id=\"c325f7e\" data-element_type=\"container\" data-e-type=\"container\" data-settings=\"{&quot;animation&quot;:&quot;none&quot;}\">\n\t\t<div class=\"elementor-element elementor-element-83a4edb e-con-full e-flex elementor-invisible e-con e-child\" data-id=\"83a4edb\" data-element_type=\"container\" data-e-type=\"container\" data-settings=\"{&quot;background_background&quot;:&quot;gradient&quot;,&quot;animation&quot;:&quot;fadeInDown&quot;}\">\n\t\t\t\t<div class=\"elementor-element elementor-element-e074e7c elementor-widget elementor-widget-image\" data-id=\"e074e7c\" data-element_type=\"widget\" data-e-type=\"widget\" data-widget_type=\"image.default\">\n\t\t\t\t\t\t\t\t\t\t\t\t\t\t\t\t<a href=\"https:\/\/poshpmeducacao.getmembox.com\/login\">\n\t\t\t\t\t\t\t<img loading=\"lazy\" decoding=\"async\" width=\"800\" height=\"258\" src=\"https:\/\/suporte-hpmeducacao.com.br\/pos\/wp-content\/uploads\/2026\/04\/Comunidade_Liamara.png\" class=\"attachment-large size-large wp-image-395\" alt=\"\" srcset=\"https:\/\/suporte-hpmeducacao.com.br\/pos\/wp-content\/uploads\/2026\/04\/Comunidade_Liamara.png 950w, https:\/\/suporte-hpmeducacao.com.br\/pos\/wp-content\/uploads\/2026\/04\/Comunidade_Liamara-300x97.png 300w, https:\/\/suporte-hpmeducacao.com.br\/pos\/wp-content\/uploads\/2026\/04\/Comunidade_Liamara-768x247.png 768w\" sizes=\"(max-width: 800px) 100vw, 800px\" \/>\t\t\t\t\t\t\t\t<\/a>\n\t\t\t\t\t\t\t\t\t\t\t\t\t\t\t<\/div>\n\t\t\t\t<\/div>\n\t\t<div class=\"elementor-element elementor-element-f561bcc e-con-full e-flex elementor-invisible e-con e-child\" data-id=\"f561bcc\" data-element_type=\"container\" data-e-type=\"container\" data-settings=\"{&quot;background_background&quot;:&quot;gradient&quot;,&quot;animation&quot;:&quot;fadeInDown&quot;}\">\n\t\t\t\t<div class=\"elementor-element elementor-element-5121857 elementor-widget elementor-widget-image\" data-id=\"5121857\" data-element_type=\"widget\" data-e-type=\"widget\" data-widget_type=\"image.default\">\n\t\t\t\t\t\t\t\t\t\t\t\t\t\t\t\t<a href=\"https:\/\/wa.me\/message\/AP56QAQ5ELK4N1\">\n\t\t\t\t\t\t\t<img loading=\"lazy\" decoding=\"async\" width=\"800\" height=\"258\" src=\"https:\/\/suporte-hpmeducacao.com.br\/pos\/wp-content\/uploads\/2026\/04\/HPM-1.png\" class=\"attachment-large size-large wp-image-398\" alt=\"\" srcset=\"https:\/\/suporte-hpmeducacao.com.br\/pos\/wp-content\/uploads\/2026\/04\/HPM-1.png 950w, https:\/\/suporte-hpmeducacao.com.br\/pos\/wp-content\/uploads\/2026\/04\/HPM-1-300x97.png 300w, https:\/\/suporte-hpmeducacao.com.br\/pos\/wp-content\/uploads\/2026\/04\/HPM-1-768x247.png 768w\" sizes=\"(max-width: 800px) 100vw, 800px\" \/>\t\t\t\t\t\t\t\t<\/a>\n\t\t\t\t\t\t\t\t\t\t\t\t\t\t\t<\/div>\n\t\t\t\t<\/div>\n\t\t<div class=\"elementor-element elementor-element-026215b e-con-full e-flex elementor-invisible e-con e-child\" data-id=\"026215b\" data-element_type=\"container\" data-e-type=\"container\" data-settings=\"{&quot;background_background&quot;:&quot;gradient&quot;,&quot;animation&quot;:&quot;fadeInDown&quot;}\">\n\t\t\t\t<div class=\"elementor-element elementor-element-7b85a47 elementor-widget elementor-widget-image\" data-id=\"7b85a47\" data-element_type=\"widget\" data-e-type=\"widget\" data-widget_type=\"image.default\">\n\t\t\t\t\t\t\t\t\t\t\t\t\t\t\t\t<a href=\"https:\/\/chat.whatsapp.com\/IkWsEBaGHl2792qdBuPWmL\">\n\t\t\t\t\t\t\t<img loading=\"lazy\" decoding=\"async\" width=\"800\" height=\"258\" src=\"https:\/\/suporte-hpmeducacao.com.br\/pos\/wp-content\/uploads\/2026\/04\/Tutoria_Liamara.png\" class=\"attachment-large size-large wp-image-389\" alt=\"\" srcset=\"https:\/\/suporte-hpmeducacao.com.br\/pos\/wp-content\/uploads\/2026\/04\/Tutoria_Liamara.png 950w, https:\/\/suporte-hpmeducacao.com.br\/pos\/wp-content\/uploads\/2026\/04\/Tutoria_Liamara-300x97.png 300w, https:\/\/suporte-hpmeducacao.com.br\/pos\/wp-content\/uploads\/2026\/04\/Tutoria_Liamara-768x247.png 768w\" sizes=\"(max-width: 800px) 100vw, 800px\" \/>\t\t\t\t\t\t\t\t<\/a>\n\t\t\t\t\t\t\t\t\t\t\t\t\t\t\t<\/div>\n\t\t\t\t<\/div>\n\t\t<div class=\"elementor-element elementor-element-b7a99d8 e-con-full e-flex elementor-invisible e-con e-child\" data-id=\"b7a99d8\" data-element_type=\"container\" data-e-type=\"container\" data-settings=\"{&quot;background_background&quot;:&quot;gradient&quot;,&quot;animation&quot;:&quot;fadeInDown&quot;}\">\n\t\t\t\t<div class=\"elementor-element elementor-element-c6c31b0 elementor-widget elementor-widget-image\" data-id=\"c6c31b0\" data-element_type=\"widget\" data-e-type=\"widget\" data-widget_type=\"image.default\">\n\t\t\t\t\t\t\t\t\t\t\t\t\t\t\t<img loading=\"lazy\" decoding=\"async\" width=\"800\" height=\"258\" src=\"https:\/\/suporte-hpmeducacao.com.br\/pos\/wp-content\/uploads\/2026\/04\/Cronograma-2.png\" class=\"attachment-large size-large wp-image-399\" alt=\"\" srcset=\"https:\/\/suporte-hpmeducacao.com.br\/pos\/wp-content\/uploads\/2026\/04\/Cronograma-2.png 950w, https:\/\/suporte-hpmeducacao.com.br\/pos\/wp-content\/uploads\/2026\/04\/Cronograma-2-300x97.png 300w, https:\/\/suporte-hpmeducacao.com.br\/pos\/wp-content\/uploads\/2026\/04\/Cronograma-2-768x247.png 768w\" sizes=\"(max-width: 800px) 100vw, 800px\" \/>\t\t\t\t\t\t\t\t\t\t\t\t\t\t\t<\/div>\n\t\t\t\t<\/div>\n\t\t<div class=\"elementor-element elementor-element-6460565 e-con-full e-flex elementor-invisible e-con e-child\" data-id=\"6460565\" data-element_type=\"container\" data-e-type=\"container\" data-settings=\"{&quot;background_background&quot;:&quot;gradient&quot;,&quot;animation&quot;:&quot;fadeInDown&quot;}\">\n\t\t\t\t<div class=\"elementor-element elementor-element-484e959 elementor-widget elementor-widget-image\" data-id=\"484e959\" data-element_type=\"widget\" data-e-type=\"widget\" data-widget_type=\"image.default\">\n\t\t\t\t\t\t\t\t\t\t\t\t\t\t\t\t<a href=\"https:\/\/www.instagram.com\/lia.trevisan\/\">\n\t\t\t\t\t\t\t<img loading=\"lazy\" decoding=\"async\" width=\"800\" height=\"258\" src=\"https:\/\/suporte-hpmeducacao.com.br\/pos\/wp-content\/uploads\/2026\/04\/instagram_Liamara.png\" class=\"attachment-large size-large wp-image-385\" alt=\"\" srcset=\"https:\/\/suporte-hpmeducacao.com.br\/pos\/wp-content\/uploads\/2026\/04\/instagram_Liamara.png 950w, https:\/\/suporte-hpmeducacao.com.br\/pos\/wp-content\/uploads\/2026\/04\/instagram_Liamara-300x97.png 300w, https:\/\/suporte-hpmeducacao.com.br\/pos\/wp-content\/uploads\/2026\/04\/instagram_Liamara-768x247.png 768w\" sizes=\"(max-width: 800px) 100vw, 800px\" \/>\t\t\t\t\t\t\t\t<\/a>\n\t\t\t\t\t\t\t\t\t\t\t\t\t\t\t<\/div>\n\t\t\t\t<\/div>\n\t\t\t\t<\/div>\n\t\t\t\t\t<\/div>\n\t\t\t\t<\/div>\n\t\t<div class=\"elementor-element elementor-element-efc0a27 e-flex e-con-boxed e-con e-parent\" data-id=\"efc0a27\" data-element_type=\"container\" data-e-type=\"container\" data-settings=\"{&quot;background_background&quot;:&quot;classic&quot;}\">\n\t\t\t\t\t<div class=\"e-con-inner\">\n\t\t<div class=\"elementor-element elementor-element-c9e8199 e-con-full e-flex e-con e-child\" data-id=\"c9e8199\" data-element_type=\"container\" data-e-type=\"container\">\n\t\t<div class=\"elementor-element elementor-element-141e3e7 e-con-full e-flex e-con e-child\" data-id=\"141e3e7\" data-element_type=\"container\" data-e-type=\"container\">\n\t\t\t\t<div class=\"elementor-element elementor-element-fafc886 elementor-widget elementor-widget-image\" data-id=\"fafc886\" data-element_type=\"widget\" data-e-type=\"widget\" data-widget_type=\"image.default\">\n\t\t\t\t\t\t\t\t\t\t\t\t\t\t\t<img loading=\"lazy\" decoding=\"async\" width=\"800\" height=\"398\" src=\"https:\/\/suporte-hpmeducacao.com.br\/pos\/wp-content\/uploads\/2026\/04\/HPM-ZNTT-1-1-1024x510.png\" class=\"attachment-large size-large wp-image-131\" alt=\"\" srcset=\"https:\/\/suporte-hpmeducacao.com.br\/pos\/wp-content\/uploads\/2026\/04\/HPM-ZNTT-1-1-1024x510.png 1024w, https:\/\/suporte-hpmeducacao.com.br\/pos\/wp-content\/uploads\/2026\/04\/HPM-ZNTT-1-1-300x149.png 300w, https:\/\/suporte-hpmeducacao.com.br\/pos\/wp-content\/uploads\/2026\/04\/HPM-ZNTT-1-1-768x383.png 768w, https:\/\/suporte-hpmeducacao.com.br\/pos\/wp-content\/uploads\/2026\/04\/HPM-ZNTT-1-1.png 1140w\" sizes=\"(max-width: 800px) 100vw, 800px\" \/>\t\t\t\t\t\t\t\t\t\t\t\t\t\t\t<\/div>\n\t\t\t\t<\/div>\n\t\t\t\t<div class=\"elementor-element elementor-element-ea6e2ff elementor-widget__width-initial elementor-widget elementor-widget-image\" data-id=\"ea6e2ff\" data-element_type=\"widget\" data-e-type=\"widget\" data-widget_type=\"image.default\">\n\t\t\t\t\t\t\t\t\t\t\t\t\t\t\t<img loading=\"lazy\" decoding=\"async\" width=\"529\" height=\"149\" src=\"https:\/\/suporte-hpmeducacao.com.br\/pos\/wp-content\/uploads\/2026\/04\/logo-anhanguera-contraste_0-1.png\" class=\"attachment-large size-large wp-image-129\" alt=\"\" srcset=\"https:\/\/suporte-hpmeducacao.com.br\/pos\/wp-content\/uploads\/2026\/04\/logo-anhanguera-contraste_0-1.png 529w, https:\/\/suporte-hpmeducacao.com.br\/pos\/wp-content\/uploads\/2026\/04\/logo-anhanguera-contraste_0-1-300x84.png 300w\" sizes=\"(max-width: 529px) 100vw, 529px\" \/>\t\t\t\t\t\t\t\t\t\t\t\t\t\t\t<\/div>\n\t\t\t\t<div class=\"elementor-element elementor-element-be54d68 elementor-widget__width-initial elementor-widget elementor-widget-image\" data-id=\"be54d68\" data-element_type=\"widget\" data-e-type=\"widget\" data-widget_type=\"image.default\">\n\t\t\t\t\t\t\t\t\t\t\t\t\t\t\t<img loading=\"lazy\" decoding=\"async\" width=\"800\" height=\"800\" src=\"https:\/\/suporte-hpmeducacao.com.br\/pos\/wp-content\/uploads\/2026\/04\/SELO-MEC-1-1024x1024.png\" class=\"attachment-large size-large wp-image-130\" alt=\"\" srcset=\"https:\/\/suporte-hpmeducacao.com.br\/pos\/wp-content\/uploads\/2026\/04\/SELO-MEC-1-1024x1024.png 1024w, https:\/\/suporte-hpmeducacao.com.br\/pos\/wp-content\/uploads\/2026\/04\/SELO-MEC-1-300x300.png 300w, https:\/\/suporte-hpmeducacao.com.br\/pos\/wp-content\/uploads\/2026\/04\/SELO-MEC-1-150x150.png 150w, https:\/\/suporte-hpmeducacao.com.br\/pos\/wp-content\/uploads\/2026\/04\/SELO-MEC-1-768x768.png 768w, https:\/\/suporte-hpmeducacao.com.br\/pos\/wp-content\/uploads\/2026\/04\/SELO-MEC-1.png 1080w\" sizes=\"(max-width: 800px) 100vw, 800px\" \/>\t\t\t\t\t\t\t\t\t\t\t\t\t\t\t<\/div>\n\t\t\t\t<\/div>\n\t\t\t\t<div class=\"elementor-element elementor-element-86d48d6 elementor-widget elementor-widget-text-editor\" data-id=\"86d48d6\" data-element_type=\"widget\" data-e-type=\"widget\" data-widget_type=\"text-editor.default\">\n\t\t\t\t\t\t\t\t\t<p>Todos os direitos reservados.<\/p>\t\t\t\t\t\t\t\t<\/div>\n\t\t\t\t\t<\/div>\n\t\t\t\t<\/div>\n\t\t\t\t<\/div>\n\t\t","protected":false},"excerpt":{"rendered":"<p>Suporte Liamara Nutri\u00e7\u00e3o Funcional com \u00canfase em Autismo e TDAH para profissionais que precisam tomar decis\u00f5es cl\u00ednicas mais seguras e assertivas. Quero saber se essa p\u00f3s \u00e9 pra mim Todos os direitos reservados.<\/p>\n","protected":false},"author":1,"featured_media":0,"parent":0,"menu_order":0,"comment_status":"closed","ping_status":"closed","template":"elementor_canvas","meta":{"footnotes":""},"class_list":["post-375","page","type-page","status-publish","hentry"],"_links":{"self":[{"href":"https:\/\/suporte-hpmeducacao.com.br\/pos\/wp-json\/wp\/v2\/pages\/375","targetHints":{"allow":["GET"]}}],"collection":[{"href":"https:\/\/suporte-hpmeducacao.com.br\/pos\/wp-json\/wp\/v2\/pages"}],"about":[{"href":"https:\/\/suporte-hpmeducacao.com.br\/pos\/wp-json\/wp\/v2\/types\/page"}],"author":[{"embeddable":true,"href":"https:\/\/suporte-hpmeducacao.com.br\/pos\/wp-json\/wp\/v2\/users\/1"}],"replies":[{"embeddable":true,"href":"https:\/\/suporte-hpmeducacao.com.br\/pos\/wp-json\/wp\/v2\/comments?post=375"}],"version-history":[{"count":12,"href":"https:\/\/suporte-hpmeducacao.com.br\/pos\/wp-json\/wp\/v2\/pages\/375\/revisions"}],"predecessor-version":[{"id":771,"href":"https:\/\/suporte-hpmeducacao.com.br\/pos\/wp-json\/wp\/v2\/pages\/375\/revisions\/771"}],"wp:attachment":[{"href":"https:\/\/suporte-hpmeducacao.com.br\/pos\/wp-json\/wp\/v2\/media?parent=375"}],"curies":[{"name":"wp","href":"https:\/\/api.w.org\/{rel}","templated":true}]}}