{"id":185,"date":"2026-02-10T23:45:15","date_gmt":"2026-02-10T23:45:15","guid":{"rendered":"https:\/\/suporte-hpmeducacao.com.br\/pos\/?page_id=185"},"modified":"2026-05-11T00:27:32","modified_gmt":"2026-05-11T00:27:32","slug":"anthoni-bahia","status":"publish","type":"page","link":"https:\/\/suporte-hpmeducacao.com.br\/pos\/anthoni-bahia\/","title":{"rendered":"Anthoni Bahia"},"content":{"rendered":"\t\t<div data-elementor-type=\"wp-page\" data-elementor-id=\"185\" class=\"elementor elementor-185\" data-elementor-post-type=\"page\">\n\t\t\t\t<div class=\"elementor-element elementor-element-1ea7ec3 e-grid e-con-boxed e-con e-parent\" data-id=\"1ea7ec3\" data-element_type=\"container\" data-e-type=\"container\" data-settings=\"{&quot;background_background&quot;:&quot;classic&quot;}\">\n\t\t\t\t\t<div class=\"e-con-inner\">\n\t\t<div class=\"elementor-element elementor-element-3c1b709 e-con-full e-flex e-con e-child\" data-id=\"3c1b709\" data-element_type=\"container\" data-e-type=\"container\">\n\t\t\t\t<div class=\"elementor-element elementor-element-0409d85 elementor-widget__width-initial elementor-widget-mobile__width-inherit elementor-widget-tablet__width-initial elementor-widget elementor-widget-heading\" data-id=\"0409d85\" data-element_type=\"widget\" data-e-type=\"widget\" data-widget_type=\"heading.default\">\n\t\t\t\t\t<h1 class=\"elementor-heading-title elementor-size-default\">Suporte Anthoni Bahia<\/h1>\t\t\t\t<\/div>\n\t\t\t\t<div class=\"elementor-element elementor-element-f06e479 elementor-widget__width-initial elementor-widget-mobile__width-inherit elementor-widget elementor-widget-text-editor\" data-id=\"f06e479\" data-element_type=\"widget\" data-e-type=\"widget\" data-widget_type=\"text-editor.default\">\n\t\t\t\t\t\t\t\t\t<p data-start=\"511\" data-end=\"885\">Anthoni Bahia dedica sua atua\u00e7\u00e3o \u00e0 forma\u00e7\u00e3o de profissionais que desejam estruturar sua pr\u00e1tica na est\u00e9tica cl\u00ednica. Seu trabalho combina experi\u00eancia em procedimentos avan\u00e7ados com organiza\u00e7\u00e3o do racioc\u00ednio cl\u00ednico. A proposta \u00e9 desenvolver profissionais capazes de decidir, planejar e conduzir atendimentos com seguran\u00e7a.<\/p>\t\t\t\t\t\t\t\t<\/div>\n\t\t<div class=\"elementor-element elementor-element-8d61abe e-con-full e-flex e-con e-child\" data-id=\"8d61abe\" data-element_type=\"container\" data-e-type=\"container\">\n\t\t<div class=\"elementor-element elementor-element-fa8167a e-con-full e-flex e-con e-child\" data-id=\"fa8167a\" data-element_type=\"container\" data-e-type=\"container\">\n\t\t\t\t<div class=\"elementor-element elementor-element-a5a6c6a elementor-widget__width-initial elementor-widget elementor-widget-image\" data-id=\"a5a6c6a\" data-element_type=\"widget\" data-e-type=\"widget\" data-widget_type=\"image.default\">\n\t\t\t\t\t\t\t\t\t\t\t\t\t\t\t<img fetchpriority=\"high\" decoding=\"async\" width=\"800\" height=\"450\" src=\"https:\/\/suporte-hpmeducacao.com.br\/pos\/wp-content\/uploads\/2026\/04\/yjp3erve7l-1024x576.png\" class=\"attachment-large size-large wp-image-302\" alt=\"\" srcset=\"https:\/\/suporte-hpmeducacao.com.br\/pos\/wp-content\/uploads\/2026\/04\/yjp3erve7l-1024x576.png 1024w, https:\/\/suporte-hpmeducacao.com.br\/pos\/wp-content\/uploads\/2026\/04\/yjp3erve7l-300x169.png 300w, https:\/\/suporte-hpmeducacao.com.br\/pos\/wp-content\/uploads\/2026\/04\/yjp3erve7l-768x432.png 768w, https:\/\/suporte-hpmeducacao.com.br\/pos\/wp-content\/uploads\/2026\/04\/yjp3erve7l-1536x864.png 1536w, https:\/\/suporte-hpmeducacao.com.br\/pos\/wp-content\/uploads\/2026\/04\/yjp3erve7l.png 1600w\" sizes=\"(max-width: 800px) 100vw, 800px\" \/>\t\t\t\t\t\t\t\t\t\t\t\t\t\t\t<\/div>\n\t\t\t\t<div class=\"elementor-element elementor-element-45891da elementor-widget__width-initial elementor-widget elementor-widget-image\" data-id=\"45891da\" data-element_type=\"widget\" data-e-type=\"widget\" data-widget_type=\"image.default\">\n\t\t\t\t\t\t\t\t\t\t\t\t\t\t\t<img decoding=\"async\" width=\"768\" height=\"768\" src=\"https:\/\/suporte-hpmeducacao.com.br\/pos\/wp-content\/uploads\/2026\/04\/SELO-MEC-4-768x768.png\" class=\"attachment-medium_large size-medium_large wp-image-303\" alt=\"\" srcset=\"https:\/\/suporte-hpmeducacao.com.br\/pos\/wp-content\/uploads\/2026\/04\/SELO-MEC-4-768x768.png 768w, https:\/\/suporte-hpmeducacao.com.br\/pos\/wp-content\/uploads\/2026\/04\/SELO-MEC-4-300x300.png 300w, https:\/\/suporte-hpmeducacao.com.br\/pos\/wp-content\/uploads\/2026\/04\/SELO-MEC-4-1024x1024.png 1024w, https:\/\/suporte-hpmeducacao.com.br\/pos\/wp-content\/uploads\/2026\/04\/SELO-MEC-4-150x150.png 150w, https:\/\/suporte-hpmeducacao.com.br\/pos\/wp-content\/uploads\/2026\/04\/SELO-MEC-4.png 1080w\" sizes=\"(max-width: 768px) 100vw, 768px\" \/>\t\t\t\t\t\t\t\t\t\t\t\t\t\t\t<\/div>\n\t\t\t\t<div class=\"elementor-element elementor-element-b241499 elementor-widget elementor-widget-image\" data-id=\"b241499\" data-element_type=\"widget\" data-e-type=\"widget\" data-widget_type=\"image.default\">\n\t\t\t\t\t\t\t\t\t\t\t\t\t\t\t<img decoding=\"async\" width=\"217\" height=\"109\" src=\"https:\/\/suporte-hpmeducacao.com.br\/pos\/wp-content\/uploads\/2026\/04\/HPM-LOGO-OK.pdf.png\" class=\"attachment-large size-large wp-image-209\" alt=\"\" \/>\t\t\t\t\t\t\t\t\t\t\t\t\t\t\t<\/div>\n\t\t\t\t<\/div>\n\t\t\t\t<\/div>\n\t\t\t\t<\/div>\n\t\t<div class=\"elementor-element elementor-element-3d2b130 e-con-full e-flex e-con e-child\" data-id=\"3d2b130\" data-element_type=\"container\" data-e-type=\"container\">\n\t\t\t\t<div class=\"elementor-element elementor-element-3263daf elementor-widget elementor-widget-image\" data-id=\"3263daf\" data-element_type=\"widget\" data-e-type=\"widget\" data-widget_type=\"image.default\">\n\t\t\t\t\t\t\t\t\t\t\t\t\t\t\t<img loading=\"lazy\" decoding=\"async\" width=\"576\" height=\"1024\" src=\"https:\/\/suporte-hpmeducacao.com.br\/pos\/wp-content\/uploads\/2026\/04\/Design-sem-nome-Photoroom-576x1024.png\" class=\"attachment-large size-large wp-image-304\" alt=\"\" srcset=\"https:\/\/suporte-hpmeducacao.com.br\/pos\/wp-content\/uploads\/2026\/04\/Design-sem-nome-Photoroom-576x1024.png 576w, https:\/\/suporte-hpmeducacao.com.br\/pos\/wp-content\/uploads\/2026\/04\/Design-sem-nome-Photoroom-169x300.png 169w, https:\/\/suporte-hpmeducacao.com.br\/pos\/wp-content\/uploads\/2026\/04\/Design-sem-nome-Photoroom.png 720w\" sizes=\"(max-width: 576px) 100vw, 576px\" \/>\t\t\t\t\t\t\t\t\t\t\t\t\t\t\t<\/div>\n\t\t\t\t<\/div>\n\t\t\t\t\t<\/div>\n\t\t\t\t<\/div>\n\t\t<div class=\"elementor-element elementor-element-d375597 e-flex e-con-boxed e-con e-parent\" data-id=\"d375597\" data-element_type=\"container\" data-e-type=\"container\" data-settings=\"{&quot;background_background&quot;:&quot;classic&quot;}\">\n\t\t\t\t\t<div class=\"e-con-inner\">\n\t\t<div class=\"elementor-element elementor-element-bce2dac e-con-full e-flex e-con e-child\" data-id=\"bce2dac\" data-element_type=\"container\" data-e-type=\"container\">\n\t\t\t\t<div class=\"elementor-element elementor-element-c705eb6 elementor-align-justify elementor-mobile-align-center elementor-widget-mobile__width-auto elementor-widget__width-initial elementor-widget elementor-widget-button\" data-id=\"c705eb6\" data-element_type=\"widget\" data-e-type=\"widget\" data-widget_type=\"button.default\">\n\t\t\t\t\t\t\t\t\t\t<a class=\"elementor-button elementor-size-md elementor-animation-float\" role=\"button\">\n\t\t\t\t\t\t<span class=\"elementor-button-content-wrapper\">\n\t\t\t\t\t\t\t\t\t<span class=\"elementor-button-text\">QUERO CONHECER O CURSO<\/span>\n\t\t\t\t\t<\/span>\n\t\t\t\t\t<\/a>\n\t\t\t\t\t\t\t\t<\/div>\n\t\t\t\t<\/div>\n\t\t<div class=\"elementor-element elementor-element-d27f092 e-con-full e-flex e-con e-child\" data-id=\"d27f092\" data-element_type=\"container\" data-e-type=\"container\" data-settings=\"{&quot;animation&quot;:&quot;none&quot;}\">\n\t\t<div class=\"elementor-element elementor-element-6c6822c e-con-full e-flex elementor-invisible e-con e-child\" data-id=\"6c6822c\" data-element_type=\"container\" data-e-type=\"container\" data-settings=\"{&quot;background_background&quot;:&quot;gradient&quot;,&quot;animation&quot;:&quot;fadeInDown&quot;}\">\n\t\t\t\t<div class=\"elementor-element elementor-element-8bacca4 elementor-widget elementor-widget-image\" data-id=\"8bacca4\" data-element_type=\"widget\" data-e-type=\"widget\" data-widget_type=\"image.default\">\n\t\t\t\t\t\t\t\t\t\t\t\t\t\t\t\t<a href=\"https:\/\/poshpmeducacao.getmembox.com\/community\/esteticaclinicaavananthonibahia\/53616c7465645f5fd9184df00244765c76fa9fec8e8d9b957de6b069223cb61aa6ade8b99e441cbac4eb1d57c1f7902b\">\n\t\t\t\t\t\t\t<img loading=\"lazy\" decoding=\"async\" width=\"800\" height=\"258\" src=\"https:\/\/suporte-hpmeducacao.com.br\/pos\/wp-content\/uploads\/2026\/04\/comunidade-anthoni.png\" class=\"attachment-large size-large wp-image-315\" alt=\"\" srcset=\"https:\/\/suporte-hpmeducacao.com.br\/pos\/wp-content\/uploads\/2026\/04\/comunidade-anthoni.png 950w, https:\/\/suporte-hpmeducacao.com.br\/pos\/wp-content\/uploads\/2026\/04\/comunidade-anthoni-300x97.png 300w, https:\/\/suporte-hpmeducacao.com.br\/pos\/wp-content\/uploads\/2026\/04\/comunidade-anthoni-768x247.png 768w\" sizes=\"(max-width: 800px) 100vw, 800px\" \/>\t\t\t\t\t\t\t\t<\/a>\n\t\t\t\t\t\t\t\t\t\t\t\t\t\t\t<\/div>\n\t\t\t\t<\/div>\n\t\t<div class=\"elementor-element elementor-element-3871e8c e-con-full e-flex elementor-invisible e-con e-child\" data-id=\"3871e8c\" data-element_type=\"container\" data-e-type=\"container\" data-settings=\"{&quot;background_background&quot;:&quot;gradient&quot;,&quot;animation&quot;:&quot;fadeInDown&quot;}\">\n\t\t\t\t<div class=\"elementor-element elementor-element-58a3c6a elementor-widget elementor-widget-image\" data-id=\"58a3c6a\" data-element_type=\"widget\" data-e-type=\"widget\" data-widget_type=\"image.default\">\n\t\t\t\t\t\t\t\t\t\t\t\t\t\t\t\t<a href=\"https:\/\/wa.me\/message\/AP56QAQ5ELK4N1\">\n\t\t\t\t\t\t\t<img loading=\"lazy\" decoding=\"async\" width=\"800\" height=\"258\" src=\"https:\/\/suporte-hpmeducacao.com.br\/pos\/wp-content\/uploads\/2026\/04\/suporte_HPM.png\" class=\"attachment-large size-large wp-image-486\" alt=\"\" srcset=\"https:\/\/suporte-hpmeducacao.com.br\/pos\/wp-content\/uploads\/2026\/04\/suporte_HPM.png 950w, https:\/\/suporte-hpmeducacao.com.br\/pos\/wp-content\/uploads\/2026\/04\/suporte_HPM-300x97.png 300w, https:\/\/suporte-hpmeducacao.com.br\/pos\/wp-content\/uploads\/2026\/04\/suporte_HPM-768x247.png 768w\" sizes=\"(max-width: 800px) 100vw, 800px\" \/>\t\t\t\t\t\t\t\t<\/a>\n\t\t\t\t\t\t\t\t\t\t\t\t\t\t\t<\/div>\n\t\t\t\t<\/div>\n\t\t<div class=\"elementor-element elementor-element-546fa07 e-con-full e-flex elementor-invisible e-con e-child\" data-id=\"546fa07\" data-element_type=\"container\" data-e-type=\"container\" data-settings=\"{&quot;background_background&quot;:&quot;gradient&quot;,&quot;animation&quot;:&quot;fadeInDown&quot;}\">\n\t\t\t\t<div class=\"elementor-element elementor-element-39ace82 elementor-widget elementor-widget-image\" data-id=\"39ace82\" data-element_type=\"widget\" data-e-type=\"widget\" data-widget_type=\"image.default\">\n\t\t\t\t\t\t\t\t\t\t\t\t\t\t\t\t<a href=\"https:\/\/chat.whatsapp.com\/IkWsEBaGHl2792qdBuPWmL\">\n\t\t\t\t\t\t\t<img loading=\"lazy\" decoding=\"async\" width=\"800\" height=\"258\" src=\"https:\/\/suporte-hpmeducacao.com.br\/pos\/wp-content\/uploads\/2026\/04\/Tutoria-anthoni.png\" class=\"attachment-large size-large wp-image-313\" alt=\"\" srcset=\"https:\/\/suporte-hpmeducacao.com.br\/pos\/wp-content\/uploads\/2026\/04\/Tutoria-anthoni.png 950w, https:\/\/suporte-hpmeducacao.com.br\/pos\/wp-content\/uploads\/2026\/04\/Tutoria-anthoni-300x97.png 300w, https:\/\/suporte-hpmeducacao.com.br\/pos\/wp-content\/uploads\/2026\/04\/Tutoria-anthoni-768x247.png 768w\" sizes=\"(max-width: 800px) 100vw, 800px\" \/>\t\t\t\t\t\t\t\t<\/a>\n\t\t\t\t\t\t\t\t\t\t\t\t\t\t\t<\/div>\n\t\t\t\t<\/div>\n\t\t<div class=\"elementor-element elementor-element-3a95568 e-con-full e-flex elementor-invisible e-con e-child\" data-id=\"3a95568\" data-element_type=\"container\" data-e-type=\"container\" data-settings=\"{&quot;background_background&quot;:&quot;gradient&quot;,&quot;animation&quot;:&quot;fadeInDown&quot;}\">\n\t\t\t\t<div class=\"elementor-element elementor-element-c37b0b3 elementor-widget elementor-widget-image\" data-id=\"c37b0b3\" data-element_type=\"widget\" data-e-type=\"widget\" data-widget_type=\"image.default\">\n\t\t\t\t\t\t\t\t\t\t\t\t\t\t\t\t<a href=\"https:\/\/suporte-hpmeducacao.com.br\/pos\/wp-content\/uploads\/2026\/04\/Calendario-de-Encontros-Ao-Vivo-Anthoni-Bahia-1.pdf\">\n\t\t\t\t\t\t\t<img loading=\"lazy\" decoding=\"async\" width=\"800\" height=\"258\" src=\"https:\/\/suporte-hpmeducacao.com.br\/pos\/wp-content\/uploads\/2026\/04\/Cronograma.png\" class=\"attachment-large size-large wp-image-204\" alt=\"\" srcset=\"https:\/\/suporte-hpmeducacao.com.br\/pos\/wp-content\/uploads\/2026\/04\/Cronograma.png 950w, https:\/\/suporte-hpmeducacao.com.br\/pos\/wp-content\/uploads\/2026\/04\/Cronograma-300x97.png 300w, https:\/\/suporte-hpmeducacao.com.br\/pos\/wp-content\/uploads\/2026\/04\/Cronograma-768x247.png 768w\" sizes=\"(max-width: 800px) 100vw, 800px\" \/>\t\t\t\t\t\t\t\t<\/a>\n\t\t\t\t\t\t\t\t\t\t\t\t\t\t\t<\/div>\n\t\t\t\t<\/div>\n\t\t<div class=\"elementor-element elementor-element-cf03d68 e-con-full e-flex elementor-invisible e-con e-child\" data-id=\"cf03d68\" data-element_type=\"container\" data-e-type=\"container\" data-settings=\"{&quot;background_background&quot;:&quot;gradient&quot;,&quot;animation&quot;:&quot;fadeInDown&quot;}\">\n\t\t\t\t<div class=\"elementor-element elementor-element-21b4c85 elementor-widget elementor-widget-image\" data-id=\"21b4c85\" data-element_type=\"widget\" data-e-type=\"widget\" data-widget_type=\"image.default\">\n\t\t\t\t\t\t\t\t\t\t\t\t\t\t\t\t<a href=\"https:\/\/www.instagram.com\/dranthonibahia\/\">\n\t\t\t\t\t\t\t<img loading=\"lazy\" decoding=\"async\" width=\"800\" height=\"258\" src=\"https:\/\/suporte-hpmeducacao.com.br\/pos\/wp-content\/uploads\/2026\/04\/Instagram-antoni.png\" class=\"attachment-large size-large wp-image-317\" alt=\"\" srcset=\"https:\/\/suporte-hpmeducacao.com.br\/pos\/wp-content\/uploads\/2026\/04\/Instagram-antoni.png 950w, https:\/\/suporte-hpmeducacao.com.br\/pos\/wp-content\/uploads\/2026\/04\/Instagram-antoni-300x97.png 300w, https:\/\/suporte-hpmeducacao.com.br\/pos\/wp-content\/uploads\/2026\/04\/Instagram-antoni-768x247.png 768w\" sizes=\"(max-width: 800px) 100vw, 800px\" \/>\t\t\t\t\t\t\t\t<\/a>\n\t\t\t\t\t\t\t\t\t\t\t\t\t\t\t<\/div>\n\t\t\t\t<\/div>\n\t\t\t\t<\/div>\n\t\t\t\t\t<\/div>\n\t\t\t\t<\/div>\n\t\t<div class=\"elementor-element elementor-element-978d4df e-flex e-con-boxed e-con e-parent\" data-id=\"978d4df\" data-element_type=\"container\" data-e-type=\"container\" data-settings=\"{&quot;background_background&quot;:&quot;classic&quot;}\">\n\t\t\t\t\t<div class=\"e-con-inner\">\n\t\t<div class=\"elementor-element elementor-element-89eb460 e-con-full e-flex e-con e-child\" data-id=\"89eb460\" data-element_type=\"container\" data-e-type=\"container\">\n\t\t\t\t<div class=\"elementor-element elementor-element-df879dd elementor-widget__width-initial elementor-widget elementor-widget-image\" data-id=\"df879dd\" data-element_type=\"widget\" data-e-type=\"widget\" data-widget_type=\"image.default\">\n\t\t\t\t\t\t\t\t\t\t\t\t\t\t\t<img loading=\"lazy\" decoding=\"async\" width=\"600\" height=\"338\" src=\"https:\/\/suporte-hpmeducacao.com.br\/pos\/wp-content\/uploads\/2026\/04\/admin-ajax.png\" class=\"attachment-large size-large wp-image-195\" alt=\"\" srcset=\"https:\/\/suporte-hpmeducacao.com.br\/pos\/wp-content\/uploads\/2026\/04\/admin-ajax.png 600w, https:\/\/suporte-hpmeducacao.com.br\/pos\/wp-content\/uploads\/2026\/04\/admin-ajax-300x169.png 300w\" sizes=\"(max-width: 600px) 100vw, 600px\" \/>\t\t\t\t\t\t\t\t\t\t\t\t\t\t\t<\/div>\n\t\t\t\t<\/div>\n\t\t<div class=\"elementor-element elementor-element-a72a34d e-con-full e-flex e-con e-child\" data-id=\"a72a34d\" data-element_type=\"container\" data-e-type=\"container\">\n\t\t<div class=\"elementor-element elementor-element-94e35fe e-con-full e-flex e-con e-child\" data-id=\"94e35fe\" data-element_type=\"container\" data-e-type=\"container\">\n\t\t\t\t<div class=\"elementor-element elementor-element-f0532e0 elementor-widget__width-initial elementor-widget elementor-widget-image\" data-id=\"f0532e0\" data-element_type=\"widget\" data-e-type=\"widget\" data-widget_type=\"image.default\">\n\t\t\t\t\t\t\t\t\t\t\t\t\t\t\t<img loading=\"lazy\" decoding=\"async\" width=\"800\" height=\"398\" src=\"https:\/\/suporte-hpmeducacao.com.br\/pos\/wp-content\/uploads\/2026\/04\/HPM-ZNTT-1-1-1-1024x510.png\" class=\"attachment-large size-large wp-image-196\" alt=\"\" srcset=\"https:\/\/suporte-hpmeducacao.com.br\/pos\/wp-content\/uploads\/2026\/04\/HPM-ZNTT-1-1-1-1024x510.png 1024w, https:\/\/suporte-hpmeducacao.com.br\/pos\/wp-content\/uploads\/2026\/04\/HPM-ZNTT-1-1-1-300x149.png 300w, https:\/\/suporte-hpmeducacao.com.br\/pos\/wp-content\/uploads\/2026\/04\/HPM-ZNTT-1-1-1-768x383.png 768w, https:\/\/suporte-hpmeducacao.com.br\/pos\/wp-content\/uploads\/2026\/04\/HPM-ZNTT-1-1-1.png 1140w\" sizes=\"(max-width: 800px) 100vw, 800px\" \/>\t\t\t\t\t\t\t\t\t\t\t\t\t\t\t<\/div>\n\t\t\t\t<\/div>\n\t\t\t\t<\/div>\n\t\t<div class=\"elementor-element elementor-element-609937f e-con-full e-flex e-con e-child\" data-id=\"609937f\" data-element_type=\"container\" data-e-type=\"container\">\n\t\t\t\t<div class=\"elementor-element elementor-element-be5376e elementor-widget__width-initial elementor-widget elementor-widget-image\" data-id=\"be5376e\" data-element_type=\"widget\" data-e-type=\"widget\" data-widget_type=\"image.default\">\n\t\t\t\t\t\t\t\t\t\t\t\t\t\t\t<img loading=\"lazy\" decoding=\"async\" width=\"800\" height=\"600\" src=\"https:\/\/suporte-hpmeducacao.com.br\/pos\/wp-content\/uploads\/2026\/04\/imagens_blog_800x600-5.webp\" class=\"attachment-large size-large wp-image-197\" alt=\"\" srcset=\"https:\/\/suporte-hpmeducacao.com.br\/pos\/wp-content\/uploads\/2026\/04\/imagens_blog_800x600-5.webp 800w, https:\/\/suporte-hpmeducacao.com.br\/pos\/wp-content\/uploads\/2026\/04\/imagens_blog_800x600-5-300x225.webp 300w, https:\/\/suporte-hpmeducacao.com.br\/pos\/wp-content\/uploads\/2026\/04\/imagens_blog_800x600-5-768x576.webp 768w\" sizes=\"(max-width: 800px) 100vw, 800px\" \/>\t\t\t\t\t\t\t\t\t\t\t\t\t\t\t<\/div>\n\t\t\t\t<\/div>\n\t\t\t\t\t<\/div>\n\t\t\t\t<\/div>\n\t\t\t\t<\/div>\n\t\t","protected":false},"excerpt":{"rendered":"<p>Suporte Anthoni Bahia Anthoni Bahia dedica sua atua\u00e7\u00e3o \u00e0 forma\u00e7\u00e3o de profissionais que desejam estruturar sua pr\u00e1tica na est\u00e9tica cl\u00ednica. Seu trabalho combina experi\u00eancia em procedimentos avan\u00e7ados com organiza\u00e7\u00e3o do racioc\u00ednio cl\u00ednico. A proposta \u00e9 desenvolver profissionais capazes de decidir, planejar e conduzir atendimentos com seguran\u00e7a. QUERO CONHECER O CURSO<\/p>\n","protected":false},"author":1,"featured_media":0,"parent":0,"menu_order":0,"comment_status":"closed","ping_status":"closed","template":"elementor_canvas","meta":{"footnotes":""},"class_list":["post-185","page","type-page","status-publish","hentry"],"_links":{"self":[{"href":"https:\/\/suporte-hpmeducacao.com.br\/pos\/wp-json\/wp\/v2\/pages\/185","targetHints":{"allow":["GET"]}}],"collection":[{"href":"https:\/\/suporte-hpmeducacao.com.br\/pos\/wp-json\/wp\/v2\/pages"}],"about":[{"href":"https:\/\/suporte-hpmeducacao.com.br\/pos\/wp-json\/wp\/v2\/types\/page"}],"author":[{"embeddable":true,"href":"https:\/\/suporte-hpmeducacao.com.br\/pos\/wp-json\/wp\/v2\/users\/1"}],"replies":[{"embeddable":true,"href":"https:\/\/suporte-hpmeducacao.com.br\/pos\/wp-json\/wp\/v2\/comments?post=185"}],"version-history":[{"count":26,"href":"https:\/\/suporte-hpmeducacao.com.br\/pos\/wp-json\/wp\/v2\/pages\/185\/revisions"}],"predecessor-version":[{"id":749,"href":"https:\/\/suporte-hpmeducacao.com.br\/pos\/wp-json\/wp\/v2\/pages\/185\/revisions\/749"}],"wp:attachment":[{"href":"https:\/\/suporte-hpmeducacao.com.br\/pos\/wp-json\/wp\/v2\/media?parent=185"}],"curies":[{"name":"wp","href":"https:\/\/api.w.org\/{rel}","templated":true}]}}