{"id":13,"date":"2026-02-19T17:40:01","date_gmt":"2026-02-19T17:40:01","guid":{"rendered":"https:\/\/suporte-hpmeducacao.com.br\/cursos\/?page_id=13"},"modified":"2026-05-11T21:10:40","modified_gmt":"2026-05-11T21:10:40","slug":"suelen","status":"publish","type":"page","link":"https:\/\/suporte-hpmeducacao.com.br\/cursos\/suelen\/","title":{"rendered":"suelen"},"content":{"rendered":"\t\t<div data-elementor-type=\"wp-page\" data-elementor-id=\"13\" class=\"elementor elementor-13\" data-elementor-post-type=\"page\">\n\t\t\t\t<div class=\"elementor-element elementor-element-1cfb01c e-flex e-con-boxed e-con e-parent\" data-id=\"1cfb01c\" data-element_type=\"container\" data-e-type=\"container\" data-settings=\"{&quot;background_background&quot;:&quot;classic&quot;}\">\n\t\t\t\t\t<div class=\"e-con-inner\">\n\t\t<div class=\"elementor-element elementor-element-4d6cf1c e-con-full e-flex e-con e-child\" data-id=\"4d6cf1c\" data-element_type=\"container\" data-e-type=\"container\">\n\t\t<div class=\"elementor-element elementor-element-ab06576 e-con-full e-flex e-con e-child\" data-id=\"ab06576\" data-element_type=\"container\" data-e-type=\"container\">\n\t\t\t\t<div class=\"elementor-element elementor-element-901287f elementor-widget__width-initial elementor-widget-mobile__width-inherit elementor-widget elementor-widget-heading\" data-id=\"901287f\" data-element_type=\"widget\" data-e-type=\"widget\" data-widget_type=\"heading.default\">\n\t\t\t\t\t<h1 class=\"elementor-heading-title elementor-size-default\">Suporte oficial Dra. suelen<\/h1>\t\t\t\t<\/div>\n\t\t<div class=\"elementor-element elementor-element-3c5d9c6 e-con-full e-flex e-con e-child\" data-id=\"3c5d9c6\" data-element_type=\"container\" data-e-type=\"container\">\n\t\t\t\t<div class=\"elementor-element elementor-element-9af10a7 elementor-widget elementor-widget-image\" data-id=\"9af10a7\" data-element_type=\"widget\" data-e-type=\"widget\" data-widget_type=\"image.default\">\n\t\t\t\t\t\t\t\t\t\t\t\t\t\t\t<img fetchpriority=\"high\" decoding=\"async\" width=\"800\" height=\"202\" src=\"https:\/\/suporte-hpmeducacao.com.br\/cursos\/wp-content\/uploads\/2026\/04\/logo-SS-Power-Pessego-1024x258.png\" class=\"attachment-large size-large wp-image-158\" alt=\"\" srcset=\"https:\/\/suporte-hpmeducacao.com.br\/cursos\/wp-content\/uploads\/2026\/04\/logo-SS-Power-Pessego-1024x258.png 1024w, https:\/\/suporte-hpmeducacao.com.br\/cursos\/wp-content\/uploads\/2026\/04\/logo-SS-Power-Pessego-300x76.png 300w, https:\/\/suporte-hpmeducacao.com.br\/cursos\/wp-content\/uploads\/2026\/04\/logo-SS-Power-Pessego-768x194.png 768w, https:\/\/suporte-hpmeducacao.com.br\/cursos\/wp-content\/uploads\/2026\/04\/logo-SS-Power-Pessego-1536x387.png 1536w, https:\/\/suporte-hpmeducacao.com.br\/cursos\/wp-content\/uploads\/2026\/04\/logo-SS-Power-Pessego-2048x516.png 2048w\" sizes=\"(max-width: 800px) 100vw, 800px\" \/>\t\t\t\t\t\t\t\t\t\t\t\t\t\t\t<\/div>\n\t\t\t\t<\/div>\n\t\t\t\t<\/div>\n\t\t<div class=\"elementor-element elementor-element-ba37bfe e-con-full e-flex e-con e-child\" data-id=\"ba37bfe\" data-element_type=\"container\" data-e-type=\"container\">\n\t\t\t\t<div class=\"elementor-element elementor-element-057f554 elementor-widget__width-initial elementor-widget-mobile__width-inherit elementor-widget elementor-widget-text-editor\" data-id=\"057f554\" data-element_type=\"widget\" data-e-type=\"widget\" data-widget_type=\"text-editor.default\">\n\t\t\t\t\t\t\t\t\t<p>Este \u00e9 o canal oficial de suporte da Dra. Suelen Soares, refer\u00eancia nacional em harmoniza\u00e7\u00e3o gl\u00fatea. Aqui voc\u00ea encontra todas as orienta\u00e7\u00f5es, informa\u00e7\u00f5es e acompanhamento necess\u00e1rios com seguran\u00e7a e organiza\u00e7\u00e3o. Nossa equipe est\u00e1 preparada para te atender com excel\u00eancia e agilidade. Este espa\u00e7o foi criado para garantir clareza, suporte e uma experi\u00eancia de alto padr\u00e3o. Seja bem-vinda \u00e0 central de atendimento da Rainha dos Gl\u00fateos.<\/p>\t\t\t\t\t\t\t\t<\/div>\n\t\t\t\t<\/div>\n\t\t\t\t<\/div>\n\t\t<div class=\"elementor-element elementor-element-7c20e65 e-con-full e-flex e-con e-child\" data-id=\"7c20e65\" data-element_type=\"container\" data-e-type=\"container\">\n\t\t<div class=\"elementor-element elementor-element-0698a57 e-con-full e-flex e-con e-child\" data-id=\"0698a57\" data-element_type=\"container\" data-e-type=\"container\">\n\t\t\t\t<div class=\"elementor-element elementor-element-0974a8c elementor-widget elementor-widget-image\" data-id=\"0974a8c\" data-element_type=\"widget\" data-e-type=\"widget\" data-widget_type=\"image.default\">\n\t\t\t\t\t\t\t\t\t\t\t\t\t\t\t<img decoding=\"async\" width=\"682\" height=\"1024\" src=\"https:\/\/suporte-hpmeducacao.com.br\/cursos\/wp-content\/uploads\/2026\/04\/IMG_4959-Photoroom-682x1024.png\" class=\"attachment-large size-large wp-image-141\" alt=\"\" srcset=\"https:\/\/suporte-hpmeducacao.com.br\/cursos\/wp-content\/uploads\/2026\/04\/IMG_4959-Photoroom-682x1024.png 682w, https:\/\/suporte-hpmeducacao.com.br\/cursos\/wp-content\/uploads\/2026\/04\/IMG_4959-Photoroom-200x300.png 200w, https:\/\/suporte-hpmeducacao.com.br\/cursos\/wp-content\/uploads\/2026\/04\/IMG_4959-Photoroom-768x1152.png 768w, https:\/\/suporte-hpmeducacao.com.br\/cursos\/wp-content\/uploads\/2026\/04\/IMG_4959-Photoroom.png 853w\" sizes=\"(max-width: 682px) 100vw, 682px\" \/>\t\t\t\t\t\t\t\t\t\t\t\t\t\t\t<\/div>\n\t\t\t\t<\/div>\n\t\t\t\t<\/div>\n\t\t\t\t\t<\/div>\n\t\t\t\t<\/div>\n\t\t<div class=\"elementor-element elementor-element-0fd8171 e-flex e-con-boxed e-con e-parent\" data-id=\"0fd8171\" data-element_type=\"container\" data-e-type=\"container\" data-settings=\"{&quot;background_background&quot;:&quot;classic&quot;}\">\n\t\t\t\t\t<div class=\"e-con-inner\">\n\t\t<div class=\"elementor-element elementor-element-6834eef e-con-full e-flex e-con e-child\" data-id=\"6834eef\" data-element_type=\"container\" data-e-type=\"container\">\n\t\t\t\t<div class=\"elementor-element elementor-element-814b3e2 elementor-align-center elementor-widget-mobile__width-initial elementor-widget elementor-widget-button\" data-id=\"814b3e2\" data-element_type=\"widget\" data-e-type=\"widget\" data-widget_type=\"button.default\">\n\t\t\t\t\t\t\t\t\t\t<a class=\"elementor-button elementor-size-sm\" role=\"button\">\n\t\t\t\t\t\t<span class=\"elementor-button-content-wrapper\">\n\t\t\t\t\t\t<span class=\"elementor-button-icon\">\n\t\t\t\t<svg aria-hidden=\"true\" class=\"e-font-icon-svg e-fas-leaf\" viewBox=\"0 0 576 512\" xmlns=\"http:\/\/www.w3.org\/2000\/svg\"><path d=\"M546.2 9.7c-5.6-12.5-21.6-13-28.3-1.2C486.9 62.4 431.4 96 368 96h-80C182 96 96 182 96 288c0 7 .8 13.7 1.5 20.5C161.3 262.8 253.4 224 384 224c8.8 0 16 7.2 16 16s-7.2 16-16 16C132.6 256 26 410.1 2.4 468c-6.6 16.3 1.2 34.9 17.5 41.6 16.4 6.8 35-1.1 41.8-17.3 1.5-3.6 20.9-47.9 71.9-90.6 32.4 43.9 94 85.8 174.9 77.2C465.5 467.5 576 326.7 576 154.3c0-50.2-10.8-102.2-29.8-144.6z\"><\/path><\/svg>\t\t\t<\/span>\n\t\t\t\t\t\t\t\t\t<span class=\"elementor-button-text\">Como podemos te ajudar<\/span>\n\t\t\t\t\t<\/span>\n\t\t\t\t\t<\/a>\n\t\t\t\t\t\t\t\t<\/div>\n\t\t\t\t<\/div>\n\t\t<div class=\"elementor-element elementor-element-b2aa3cf e-con-full e-flex e-con e-child\" data-id=\"b2aa3cf\" data-element_type=\"container\" data-e-type=\"container\" data-settings=\"{&quot;animation&quot;:&quot;none&quot;}\">\n\t\t<div class=\"elementor-element elementor-element-59f045f e-con-full e-flex elementor-invisible e-con e-child\" data-id=\"59f045f\" data-element_type=\"container\" data-e-type=\"container\" data-settings=\"{&quot;background_background&quot;:&quot;gradient&quot;,&quot;animation&quot;:&quot;fadeInDown&quot;}\">\n\t\t\t\t<div class=\"elementor-element elementor-element-9cab05f elementor-widget elementor-widget-image\" data-id=\"9cab05f\" data-element_type=\"widget\" data-e-type=\"widget\" data-widget_type=\"image.default\">\n\t\t\t\t\t\t\t\t\t\t\t\t\t\t\t\t<a href=\"https:\/\/suelensoares.getmembox.com\/community\/harmonizacaogluteasspower\/53616c7465645f5f8b697f20787939e5c67d3235644ffcbc3fffbe7fcc30f0794f4c70f057204ea1ab637eb7b027a906\">\n\t\t\t\t\t\t\t<img decoding=\"async\" width=\"800\" height=\"258\" src=\"https:\/\/suporte-hpmeducacao.com.br\/cursos\/wp-content\/uploads\/2026\/04\/Comunidade_Gluteos.png\" class=\"attachment-large size-large wp-image-213\" alt=\"\" srcset=\"https:\/\/suporte-hpmeducacao.com.br\/cursos\/wp-content\/uploads\/2026\/04\/Comunidade_Gluteos.png 950w, https:\/\/suporte-hpmeducacao.com.br\/cursos\/wp-content\/uploads\/2026\/04\/Comunidade_Gluteos-300x97.png 300w, https:\/\/suporte-hpmeducacao.com.br\/cursos\/wp-content\/uploads\/2026\/04\/Comunidade_Gluteos-768x247.png 768w\" sizes=\"(max-width: 800px) 100vw, 800px\" \/>\t\t\t\t\t\t\t\t<\/a>\n\t\t\t\t\t\t\t\t\t\t\t\t\t\t\t<\/div>\n\t\t\t\t<\/div>\n\t\t<div class=\"elementor-element elementor-element-734a145 e-con-full e-flex elementor-invisible e-con e-child\" data-id=\"734a145\" data-element_type=\"container\" data-e-type=\"container\" data-settings=\"{&quot;background_background&quot;:&quot;gradient&quot;,&quot;animation&quot;:&quot;fadeInDown&quot;}\">\n\t\t\t\t<div class=\"elementor-element elementor-element-195329e elementor-widget elementor-widget-image\" data-id=\"195329e\" data-element_type=\"widget\" data-e-type=\"widget\" data-widget_type=\"image.default\">\n\t\t\t\t\t\t\t\t\t\t\t\t\t\t\t\t<a href=\"https:\/\/suelensoares.getmembox.com\/community\/harmonizacaodeseiossspower\/53616c7465645f5fcdb79f6fd59db2699423549e4b37288a5147102a41c64350572fe56490a1c10cc30a963a8b2bba0a\">\n\t\t\t\t\t\t\t<img loading=\"lazy\" decoding=\"async\" width=\"800\" height=\"258\" src=\"https:\/\/suporte-hpmeducacao.com.br\/cursos\/wp-content\/uploads\/2026\/04\/Comunidade-Seios.png\" class=\"attachment-large size-large wp-image-216\" alt=\"\" srcset=\"https:\/\/suporte-hpmeducacao.com.br\/cursos\/wp-content\/uploads\/2026\/04\/Comunidade-Seios.png 950w, https:\/\/suporte-hpmeducacao.com.br\/cursos\/wp-content\/uploads\/2026\/04\/Comunidade-Seios-300x97.png 300w, https:\/\/suporte-hpmeducacao.com.br\/cursos\/wp-content\/uploads\/2026\/04\/Comunidade-Seios-768x247.png 768w\" sizes=\"(max-width: 800px) 100vw, 800px\" \/>\t\t\t\t\t\t\t\t<\/a>\n\t\t\t\t\t\t\t\t\t\t\t\t\t\t\t<\/div>\n\t\t\t\t<\/div>\n\t\t<div class=\"elementor-element elementor-element-5a56ada e-con-full e-flex elementor-invisible e-con e-child\" data-id=\"5a56ada\" data-element_type=\"container\" data-e-type=\"container\" data-settings=\"{&quot;background_background&quot;:&quot;gradient&quot;,&quot;animation&quot;:&quot;fadeInDown&quot;}\">\n\t\t\t\t<div class=\"elementor-element elementor-element-47311be elementor-widget elementor-widget-image\" data-id=\"47311be\" data-element_type=\"widget\" data-e-type=\"widget\" data-widget_type=\"image.default\">\n\t\t\t\t\t\t\t\t\t\t\t\t\t\t\t\t<a href=\"https:\/\/suelensoares.getmembox.com\/community\/harmonizacaodequadricepssspower\/53616c7465645f5faf9bb2dd61fc516cc1c6ac91506a87ae5333891093b092a0ca8cc9498f0b1414b742e0218d798147\">\n\t\t\t\t\t\t\t<img loading=\"lazy\" decoding=\"async\" width=\"800\" height=\"258\" src=\"https:\/\/suporte-hpmeducacao.com.br\/cursos\/wp-content\/uploads\/2026\/04\/Comunidade-Quadriceps.png\" class=\"attachment-large size-large wp-image-215\" alt=\"\" srcset=\"https:\/\/suporte-hpmeducacao.com.br\/cursos\/wp-content\/uploads\/2026\/04\/Comunidade-Quadriceps.png 950w, https:\/\/suporte-hpmeducacao.com.br\/cursos\/wp-content\/uploads\/2026\/04\/Comunidade-Quadriceps-300x97.png 300w, https:\/\/suporte-hpmeducacao.com.br\/cursos\/wp-content\/uploads\/2026\/04\/Comunidade-Quadriceps-768x247.png 768w\" sizes=\"(max-width: 800px) 100vw, 800px\" \/>\t\t\t\t\t\t\t\t<\/a>\n\t\t\t\t\t\t\t\t\t\t\t\t\t\t\t<\/div>\n\t\t\t\t<\/div>\n\t\t<div class=\"elementor-element elementor-element-6c8ddd3 e-con-full e-flex elementor-invisible e-con e-child\" data-id=\"6c8ddd3\" data-element_type=\"container\" data-e-type=\"container\" data-settings=\"{&quot;background_background&quot;:&quot;gradient&quot;,&quot;animation&quot;:&quot;fadeInDown&quot;}\">\n\t\t\t\t<div class=\"elementor-element elementor-element-8906fb3 elementor-widget elementor-widget-image\" data-id=\"8906fb3\" data-element_type=\"widget\" data-e-type=\"widget\" data-widget_type=\"image.default\">\n\t\t\t\t\t\t\t\t\t\t\t\t\t\t\t\t<a href=\"https:\/\/wa.me\/5511911722228?text=Tudo%20bem%3F%2C%20Sou%20aluno%20suelen%20e%20preciso%20de%20suporte%20\ufffc\">\n\t\t\t\t\t\t\t<img loading=\"lazy\" decoding=\"async\" width=\"800\" height=\"258\" src=\"https:\/\/suporte-hpmeducacao.com.br\/cursos\/wp-content\/uploads\/2026\/04\/HPM.jpg\" class=\"attachment-large size-large wp-image-175\" alt=\"\" srcset=\"https:\/\/suporte-hpmeducacao.com.br\/cursos\/wp-content\/uploads\/2026\/04\/HPM.jpg 950w, https:\/\/suporte-hpmeducacao.com.br\/cursos\/wp-content\/uploads\/2026\/04\/HPM-300x97.jpg 300w, https:\/\/suporte-hpmeducacao.com.br\/cursos\/wp-content\/uploads\/2026\/04\/HPM-768x247.jpg 768w\" sizes=\"(max-width: 800px) 100vw, 800px\" \/>\t\t\t\t\t\t\t\t<\/a>\n\t\t\t\t\t\t\t\t\t\t\t\t\t\t\t<\/div>\n\t\t\t\t<\/div>\n\t\t<div class=\"elementor-element elementor-element-d64260e e-con-full e-flex elementor-invisible e-con e-child\" data-id=\"d64260e\" data-element_type=\"container\" data-e-type=\"container\" data-settings=\"{&quot;background_background&quot;:&quot;gradient&quot;,&quot;animation&quot;:&quot;fadeInDown&quot;}\">\n\t\t\t\t<div class=\"elementor-element elementor-element-9ad9be9 elementor-widget elementor-widget-image\" data-id=\"9ad9be9\" data-element_type=\"widget\" data-e-type=\"widget\" data-widget_type=\"image.default\">\n\t\t\t\t\t\t\t\t\t\t\t\t\t\t\t\t<a href=\"https:\/\/chat.whatsapp.com\/EtQHVE25BhNBwTKuabKUdt\">\n\t\t\t\t\t\t\t<img loading=\"lazy\" decoding=\"async\" width=\"800\" height=\"258\" src=\"https:\/\/suporte-hpmeducacao.com.br\/cursos\/wp-content\/uploads\/2026\/04\/Tutoria-1.jpg\" class=\"attachment-large size-large wp-image-180\" alt=\"\" srcset=\"https:\/\/suporte-hpmeducacao.com.br\/cursos\/wp-content\/uploads\/2026\/04\/Tutoria-1.jpg 950w, https:\/\/suporte-hpmeducacao.com.br\/cursos\/wp-content\/uploads\/2026\/04\/Tutoria-1-300x97.jpg 300w, https:\/\/suporte-hpmeducacao.com.br\/cursos\/wp-content\/uploads\/2026\/04\/Tutoria-1-768x247.jpg 768w\" sizes=\"(max-width: 800px) 100vw, 800px\" \/>\t\t\t\t\t\t\t\t<\/a>\n\t\t\t\t\t\t\t\t\t\t\t\t\t\t\t<\/div>\n\t\t\t\t<\/div>\n\t\t<div class=\"elementor-element elementor-element-53597e4 e-con-full e-flex elementor-invisible e-con e-child\" data-id=\"53597e4\" data-element_type=\"container\" data-e-type=\"container\" data-settings=\"{&quot;background_background&quot;:&quot;gradient&quot;,&quot;animation&quot;:&quot;fadeInDown&quot;}\">\n\t\t\t\t<div class=\"elementor-element elementor-element-b79ab83 elementor-widget elementor-widget-image\" data-id=\"b79ab83\" data-element_type=\"widget\" data-e-type=\"widget\" data-widget_type=\"image.default\">\n\t\t\t\t\t\t\t\t\t\t\t\t\t\t\t<img loading=\"lazy\" decoding=\"async\" width=\"800\" height=\"258\" src=\"https:\/\/suporte-hpmeducacao.com.br\/cursos\/wp-content\/uploads\/2026\/04\/Cronograma.jpg\" class=\"attachment-large size-large wp-image-174\" alt=\"\" srcset=\"https:\/\/suporte-hpmeducacao.com.br\/cursos\/wp-content\/uploads\/2026\/04\/Cronograma.jpg 950w, https:\/\/suporte-hpmeducacao.com.br\/cursos\/wp-content\/uploads\/2026\/04\/Cronograma-300x97.jpg 300w, https:\/\/suporte-hpmeducacao.com.br\/cursos\/wp-content\/uploads\/2026\/04\/Cronograma-768x247.jpg 768w\" sizes=\"(max-width: 800px) 100vw, 800px\" \/>\t\t\t\t\t\t\t\t\t\t\t\t\t\t\t<\/div>\n\t\t\t\t<\/div>\n\t\t<div class=\"elementor-element elementor-element-4e659d0 e-con-full e-flex elementor-invisible e-con e-child\" data-id=\"4e659d0\" data-element_type=\"container\" data-e-type=\"container\" data-settings=\"{&quot;background_background&quot;:&quot;gradient&quot;,&quot;animation&quot;:&quot;fadeInDown&quot;}\">\n\t\t\t\t<div class=\"elementor-element elementor-element-f8b1387 elementor-widget elementor-widget-image\" data-id=\"f8b1387\" data-element_type=\"widget\" data-e-type=\"widget\" data-widget_type=\"image.default\">\n\t\t\t\t\t\t\t\t\t\t\t\t\t\t\t\t<a href=\"https:\/\/www.instagram.com\/drasuelensoareslima?utm_source=ig_web_button_share_sheet&#038;igsh=ZDNlZDc0MzIxNw==\">\n\t\t\t\t\t\t\t<img loading=\"lazy\" decoding=\"async\" width=\"800\" height=\"258\" src=\"https:\/\/suporte-hpmeducacao.com.br\/cursos\/wp-content\/uploads\/2026\/04\/Instagram.png\" class=\"attachment-large size-large wp-image-214\" alt=\"\" srcset=\"https:\/\/suporte-hpmeducacao.com.br\/cursos\/wp-content\/uploads\/2026\/04\/Instagram.png 950w, https:\/\/suporte-hpmeducacao.com.br\/cursos\/wp-content\/uploads\/2026\/04\/Instagram-300x97.png 300w, https:\/\/suporte-hpmeducacao.com.br\/cursos\/wp-content\/uploads\/2026\/04\/Instagram-768x247.png 768w\" sizes=\"(max-width: 800px) 100vw, 800px\" \/>\t\t\t\t\t\t\t\t<\/a>\n\t\t\t\t\t\t\t\t\t\t\t\t\t\t\t<\/div>\n\t\t\t\t<\/div>\n\t\t\t\t<\/div>\n\t\t\t\t\t<\/div>\n\t\t\t\t<\/div>\n\t\t<div class=\"elementor-element elementor-element-239680b e-flex e-con-boxed e-con e-parent\" data-id=\"239680b\" data-element_type=\"container\" data-e-type=\"container\" data-settings=\"{&quot;background_background&quot;:&quot;classic&quot;}\">\n\t\t\t\t\t<div class=\"e-con-inner\">\n\t\t<div class=\"elementor-element elementor-element-30a4df0 e-con-full e-flex e-con e-child\" data-id=\"30a4df0\" data-element_type=\"container\" data-e-type=\"container\">\n\t\t<div class=\"elementor-element elementor-element-0f1375f e-con-full e-flex e-con e-child\" data-id=\"0f1375f\" data-element_type=\"container\" data-e-type=\"container\">\n\t\t\t\t<div class=\"elementor-element elementor-element-3d29414 elementor-widget elementor-widget-image\" data-id=\"3d29414\" data-element_type=\"widget\" data-e-type=\"widget\" data-widget_type=\"image.default\">\n\t\t\t\t\t\t\t\t\t\t\t\t\t\t\t<img loading=\"lazy\" decoding=\"async\" width=\"800\" height=\"398\" src=\"https:\/\/suporte-hpmeducacao.com.br\/cursos\/wp-content\/uploads\/2026\/04\/HPM-ZNTT-1-1-1024x510.png\" class=\"attachment-large size-large wp-image-130\" alt=\"\" srcset=\"https:\/\/suporte-hpmeducacao.com.br\/cursos\/wp-content\/uploads\/2026\/04\/HPM-ZNTT-1-1-1024x510.png 1024w, https:\/\/suporte-hpmeducacao.com.br\/cursos\/wp-content\/uploads\/2026\/04\/HPM-ZNTT-1-1-300x149.png 300w, https:\/\/suporte-hpmeducacao.com.br\/cursos\/wp-content\/uploads\/2026\/04\/HPM-ZNTT-1-1-768x383.png 768w, https:\/\/suporte-hpmeducacao.com.br\/cursos\/wp-content\/uploads\/2026\/04\/HPM-ZNTT-1-1.png 1140w\" sizes=\"(max-width: 800px) 100vw, 800px\" \/>\t\t\t\t\t\t\t\t\t\t\t\t\t\t\t<\/div>\n\t\t\t\t<\/div>\n\t\t<div class=\"elementor-element elementor-element-a0214c9 e-con-full e-flex e-con e-child\" data-id=\"a0214c9\" data-element_type=\"container\" data-e-type=\"container\">\n\t\t\t\t<div class=\"elementor-element elementor-element-143b3b5 elementor-widget elementor-widget-image\" data-id=\"143b3b5\" data-element_type=\"widget\" data-e-type=\"widget\" data-widget_type=\"image.default\">\n\t\t\t\t\t\t\t\t\t\t\t\t\t\t\t<img fetchpriority=\"high\" decoding=\"async\" width=\"800\" height=\"202\" src=\"https:\/\/suporte-hpmeducacao.com.br\/cursos\/wp-content\/uploads\/2026\/04\/logo-SS-Power-Pessego-1024x258.png\" class=\"attachment-large size-large wp-image-158\" alt=\"\" srcset=\"https:\/\/suporte-hpmeducacao.com.br\/cursos\/wp-content\/uploads\/2026\/04\/logo-SS-Power-Pessego-1024x258.png 1024w, https:\/\/suporte-hpmeducacao.com.br\/cursos\/wp-content\/uploads\/2026\/04\/logo-SS-Power-Pessego-300x76.png 300w, https:\/\/suporte-hpmeducacao.com.br\/cursos\/wp-content\/uploads\/2026\/04\/logo-SS-Power-Pessego-768x194.png 768w, https:\/\/suporte-hpmeducacao.com.br\/cursos\/wp-content\/uploads\/2026\/04\/logo-SS-Power-Pessego-1536x387.png 1536w, https:\/\/suporte-hpmeducacao.com.br\/cursos\/wp-content\/uploads\/2026\/04\/logo-SS-Power-Pessego-2048x516.png 2048w\" sizes=\"(max-width: 800px) 100vw, 800px\" \/>\t\t\t\t\t\t\t\t\t\t\t\t\t\t\t<\/div>\n\t\t\t\t<\/div>\n\t\t\t\t<\/div>\n\t\t\t\t<div class=\"elementor-element elementor-element-b77cfda elementor-widget elementor-widget-text-editor\" data-id=\"b77cfda\" data-element_type=\"widget\" data-e-type=\"widget\" data-widget_type=\"text-editor.default\">\n\t\t\t\t\t\t\t\t\t<p>Todos os direitos reservados.<\/p>\t\t\t\t\t\t\t\t<\/div>\n\t\t\t\t<div class=\"elementor-element elementor-element-a9fc2cb elementor-widget elementor-widget-html\" data-id=\"a9fc2cb\" data-element_type=\"widget\" data-e-type=\"widget\" data-widget_type=\"html.default\">\n\t\t\t\t\t<style>\n\n    .degrade {\nbackground-image: linear-gradient(to right, #ffebc9, #eaaf5f) !important;\nbackground-clip: text;\n-webkit-background-clip: text !important;\n-webkit-text-fill-color: transparent !important;\nbox-decoration-break: clone !important;\n-webkit-box-decoration-break: clone !important;\n}\n\nhtml, body {\nmax-width: 100%;\noverflow-x: hidden;\ntext-wrap: balance;\n}\n\np:last-child{\nmargin-bottom:0px;\n}\n\nbody::-webkit-scrollbar {\nwidth: 10px;\n}\n\nbody::-webkit-scrollbar-track {\nbackground: #202020;\n}\n\nbody::-webkit-scrollbar-thumb {\nbackground-color: #ffebc9;\n\nborder-radius: 10px;\n\nborder: 2px solid #202020;\n\n}\n<\/style>\t\t\t\t<\/div>\n\t\t\t\t\t<\/div>\n\t\t\t\t<\/div>\n\t\t\t\t<\/div>\n\t\t","protected":false},"excerpt":{"rendered":"<p>Suporte oficial Dra. suelen Este \u00e9 o canal oficial de suporte da Dra. Suelen Soares, refer\u00eancia nacional em harmoniza\u00e7\u00e3o gl\u00fatea. Aqui voc\u00ea encontra todas as orienta\u00e7\u00f5es, informa\u00e7\u00f5es e acompanhamento necess\u00e1rios com seguran\u00e7a e organiza\u00e7\u00e3o. Nossa equipe est\u00e1 preparada para te atender com excel\u00eancia e agilidade. Este espa\u00e7o foi criado para garantir clareza, suporte e uma [&hellip;]<\/p>\n","protected":false},"author":1,"featured_media":0,"parent":0,"menu_order":0,"comment_status":"closed","ping_status":"closed","template":"elementor_canvas","meta":{"footnotes":""},"class_list":["post-13","page","type-page","status-publish","hentry"],"_hostinger_reach_plugin_has_subscription_block":false,"_hostinger_reach_plugin_is_elementor":false,"_links":{"self":[{"href":"https:\/\/suporte-hpmeducacao.com.br\/cursos\/wp-json\/wp\/v2\/pages\/13","targetHints":{"allow":["GET"]}}],"collection":[{"href":"https:\/\/suporte-hpmeducacao.com.br\/cursos\/wp-json\/wp\/v2\/pages"}],"about":[{"href":"https:\/\/suporte-hpmeducacao.com.br\/cursos\/wp-json\/wp\/v2\/types\/page"}],"author":[{"embeddable":true,"href":"https:\/\/suporte-hpmeducacao.com.br\/cursos\/wp-json\/wp\/v2\/users\/1"}],"replies":[{"embeddable":true,"href":"https:\/\/suporte-hpmeducacao.com.br\/cursos\/wp-json\/wp\/v2\/comments?post=13"}],"version-history":[{"count":132,"href":"https:\/\/suporte-hpmeducacao.com.br\/cursos\/wp-json\/wp\/v2\/pages\/13\/revisions"}],"predecessor-version":[{"id":228,"href":"https:\/\/suporte-hpmeducacao.com.br\/cursos\/wp-json\/wp\/v2\/pages\/13\/revisions\/228"}],"wp:attachment":[{"href":"https:\/\/suporte-hpmeducacao.com.br\/cursos\/wp-json\/wp\/v2\/media?parent=13"}],"curies":[{"name":"wp","href":"https:\/\/api.w.org\/{rel}","templated":true}]}}